
{"id":1574,"date":"2020-02-11T19:39:56","date_gmt":"2020-02-11T19:39:56","guid":{"rendered":"https:\/\/eternaldiamonds.ca\/?page_id=1574"},"modified":"2020-02-11T19:41:47","modified_gmt":"2020-02-11T19:41:47","slug":"a-propos-de-nous","status":"publish","type":"page","link":"https:\/\/eternaldiamonds.ca\/fr\/a-propos-de-nous\/","title":{"rendered":"\u00c0 propos de nous"},"content":{"rendered":"<p>Chez Eternal Diamonds, nous sommes fiers de notre d\u00e9vouement continu au service des nos clients. Nous affichons notre fiert\u00e9 \u00e0 l&rsquo;\u00e9gard de notre capacit\u00e9 \u00e0 trouver et \u00e0 livrer des diamants de la plus grande qualit\u00e9 au monde. Que vous soyez \u00e0 la recherche de diamants non sertis, de bijoux personnalis\u00e9s faits \u00e0 la main ou de quoi que ce soit d&rsquo;autre entre ces deux cat\u00e9gories, Eternal Diamonds poss\u00e8de l&rsquo;expertise et les connaissances pour vous aider \u00e0 faire de votre prochain achat l&rsquo;une des meilleures exp\u00e9riences de magasinage de votre vie.<\/p>\n<p>Pour des renseignements honn\u00eates qui vous permettent de prendre une d\u00e9cision \u00e9clair\u00e9e et renseign\u00e9e, notre \u00e9quipe d&rsquo;experts n&rsquo;a pas son pareil. Notre amical personnel du service \u00e0 la client\u00e8le vous guidera avec le plus grand des plaisirs tout au long du processus de recherche pour s&rsquo;assurer qu&rsquo;\u00e0 la toute fin, le diamant que vous choisissez est le bon diamant pour vous.<\/p>\n<p>En nous faisant confiance, vous pouvez \u00eatre rassur\u00e9 en sachant que chacun de nos produits d\u00e9passe les normes de la plus grande qualit\u00e9 qui soit et dont vous seriez justifi\u00e9 de vous attendre de la part d&rsquo;Eternal Diamonds. En ayant votre satisfaction comme but ultime, nous ne l\u00e9sinons pas dans la recherche de votre pierre parfaite.<\/p>\n<p>Notre bureau est situ\u00e9 au\u00a0<strong>c\u0153ur du centre-ville de Montr\u00e9al.\u00a0<\/strong><br \/>\nNos heures de bureau\u00a0<strong>sont du lundi au vendredi, 9 h \u00e0 17 h.\u00a0<\/strong><br \/>\n(Service disponible le dimanche sur demande pour satisfaire les besoins de notre client\u00e8le.)<\/p>\n<p>Veuillez\u00a0<a href=\"https:\/\/web.archive.org\/web\/20160526203545\/mailto:info@eternaldiamonds.ca\">nous faire parvenir un courriel<\/a>\u00a0ou nous t\u00e9l\u00e9phoner au (514) 393-3426 pour prendre un rendez-vous.<\/p>\n<h2>Bagues En Diamants<\/h2>\n\n\t\t<style type=\"text\/css\">\n\t\t\t#gallery-1 {\n\t\t\t\tmargin: auto;\n\t\t\t}\n\t\t\t#gallery-1 .gallery-item {\n\t\t\t\tfloat: left;\n\t\t\t\tmargin-top: 10px;\n\t\t\t\ttext-align: center;\n\t\t\t\twidth: 33%;\n\t\t\t}\n\t\t\t#gallery-1 img {\n\t\t\t\tborder: 2px solid #cfcfcf;\n\t\t\t}\n\t\t\t#gallery-1 .gallery-caption {\n\t\t\t\tmargin-left: 0;\n\t\t\t}\n\t\t\t\/* see gallery_shortcode() in wp-includes\/media.php *\/\n\t\t<\/style>\n\t\t<div id='gallery-1' class='gallery galleryid-1574 gallery-columns-3 gallery-size-thumbnail'><dl class='gallery-item'>\n\t\t\t<dt class='gallery-icon landscape'>\n\t\t\t\t<a href='https:\/\/eternaldiamonds.ca\/fr\/anniversary-brands-large_1\/'><img loading=\"lazy\" decoding=\"async\" width=\"150\" height=\"150\" src=\"https:\/\/eternaldiamonds.ca\/wp-content\/uploads\/2019\/02\/anniversary-brands-large_1-150x150.jpg\" class=\"attachment-thumbnail size-thumbnail\" alt=\"\" aria-describedby=\"gallery-1-1586\" srcset=\"https:\/\/eternaldiamonds.ca\/wp-content\/uploads\/2019\/02\/anniversary-brands-large_1-150x150.jpg 150w, https:\/\/eternaldiamonds.ca\/wp-content\/uploads\/2019\/02\/anniversary-brands-large_1-100x100.jpg 100w\" sizes=\"auto, (max-width: 150px) 100vw, 150px\" \/><\/a>\n\t\t\t<\/dt>\n\t\t\t\t<dd class='wp-caption-text gallery-caption' id='gallery-1-1586'>\n\t\t\t\tBagues d&rsquo;anniversaire\n\t\t\t\t<\/dd><\/dl><dl class='gallery-item'>\n\t\t\t<dt class='gallery-icon landscape'>\n\t\t\t\t<a href='https:\/\/eternaldiamonds.ca\/fr\/engagement-rings-large\/'><img loading=\"lazy\" decoding=\"async\" width=\"150\" height=\"150\" src=\"https:\/\/eternaldiamonds.ca\/wp-content\/uploads\/2019\/02\/engagement-rings-large-150x150.jpg\" class=\"attachment-thumbnail size-thumbnail\" alt=\"\" aria-describedby=\"gallery-1-1587\" srcset=\"https:\/\/eternaldiamonds.ca\/wp-content\/uploads\/2019\/02\/engagement-rings-large-150x150.jpg 150w, https:\/\/eternaldiamonds.ca\/wp-content\/uploads\/2019\/02\/engagement-rings-large-100x100.jpg 100w\" sizes=\"auto, (max-width: 150px) 100vw, 150px\" \/><\/a>\n\t\t\t<\/dt>\n\t\t\t\t<dd class='wp-caption-text gallery-caption' id='gallery-1-1587'>\n\t\t\t\tBagues de fian\u00e7ailles\n\t\t\t\t<\/dd><\/dl><dl class='gallery-item'>\n\t\t\t<dt class='gallery-icon landscape'>\n\t\t\t\t<a href='https:\/\/eternaldiamonds.ca\/fr\/promise-rings-large\/'><img loading=\"lazy\" decoding=\"async\" width=\"150\" height=\"150\" src=\"https:\/\/eternaldiamonds.ca\/wp-content\/uploads\/2019\/02\/promise-rings-large-150x150.jpg\" class=\"attachment-thumbnail size-thumbnail\" alt=\"\" aria-describedby=\"gallery-1-1588\" srcset=\"https:\/\/eternaldiamonds.ca\/wp-content\/uploads\/2019\/02\/promise-rings-large-150x150.jpg 150w, https:\/\/eternaldiamonds.ca\/wp-content\/uploads\/2019\/02\/promise-rings-large-100x100.jpg 100w\" sizes=\"auto, (max-width: 150px) 100vw, 150px\" \/><\/a>\n\t\t\t<\/dt>\n\t\t\t\t<dd class='wp-caption-text gallery-caption' id='gallery-1-1588'>\n\t\t\t\tBagues de promesse\n\t\t\t\t<\/dd><\/dl><br style=\"clear: both\" \/><dl class='gallery-item'>\n\t\t\t<dt class='gallery-icon landscape'>\n\t\t\t\t<a href='https:\/\/eternaldiamonds.ca\/fr\/three-stone-rings-large\/'><img loading=\"lazy\" decoding=\"async\" width=\"150\" height=\"150\" src=\"https:\/\/eternaldiamonds.ca\/wp-content\/uploads\/2019\/02\/three-stone-rings-large-150x150.jpg\" class=\"attachment-thumbnail size-thumbnail\" alt=\"\" aria-describedby=\"gallery-1-1589\" srcset=\"https:\/\/eternaldiamonds.ca\/wp-content\/uploads\/2019\/02\/three-stone-rings-large-150x150.jpg 150w, https:\/\/eternaldiamonds.ca\/wp-content\/uploads\/2019\/02\/three-stone-rings-large-100x100.jpg 100w\" sizes=\"auto, (max-width: 150px) 100vw, 150px\" \/><\/a>\n\t\t\t<\/dt>\n\t\t\t\t<dd class='wp-caption-text gallery-caption' id='gallery-1-1589'>\n\t\t\t\tBagues d&rsquo;anniversaire a trois pierres\n\t\t\t\t<\/dd><\/dl><dl class='gallery-item'>\n\t\t\t<dt class='gallery-icon landscape'>\n\t\t\t\t<a href='https:\/\/eternaldiamonds.ca\/fr\/wedding-rings-large_1\/'><img loading=\"lazy\" decoding=\"async\" width=\"150\" height=\"150\" src=\"https:\/\/eternaldiamonds.ca\/wp-content\/uploads\/2019\/02\/wedding-rings-large_1-150x150.jpg\" class=\"attachment-thumbnail size-thumbnail\" alt=\"\" aria-describedby=\"gallery-1-1590\" srcset=\"https:\/\/eternaldiamonds.ca\/wp-content\/uploads\/2019\/02\/wedding-rings-large_1-150x150.jpg 150w, https:\/\/eternaldiamonds.ca\/wp-content\/uploads\/2019\/02\/wedding-rings-large_1-100x100.jpg 100w\" sizes=\"auto, (max-width: 150px) 100vw, 150px\" \/><\/a>\n\t\t\t<\/dt>\n\t\t\t\t<dd class='wp-caption-text gallery-caption' id='gallery-1-1590'>\n\t\t\t\tBagues de marriage\n\t\t\t\t<\/dd><\/dl>\n\t\t\t<br style='clear: both' \/>\n\t\t<\/div>\n\n","protected":false},"excerpt":{"rendered":"<p>Chez Eternal Diamonds, nous sommes fiers de notre d\u00e9vouement continu au service des nos clients. Nous affichons notre fiert\u00e9 \u00e0 l&rsquo;\u00e9gard de notre capacit\u00e9 \u00e0 trouver et \u00e0 livrer des diamants de la plus grande qualit\u00e9 au monde. Que vous soyez \u00e0 la recherche de diamants non sertis, de bijoux [&hellip;]<\/p>\n","protected":false},"author":4,"featured_media":0,"parent":0,"menu_order":0,"comment_status":"closed","ping_status":"closed","template":"","meta":{"footnotes":""},"class_list":["post-1574","page","type-page","status-publish","hentry"],"_links":{"self":[{"href":"https:\/\/eternaldiamonds.ca\/fr\/wp-json\/wp\/v2\/pages\/1574","targetHints":{"allow":["GET"]}}],"collection":[{"href":"https:\/\/eternaldiamonds.ca\/fr\/wp-json\/wp\/v2\/pages"}],"about":[{"href":"https:\/\/eternaldiamonds.ca\/fr\/wp-json\/wp\/v2\/types\/page"}],"author":[{"embeddable":true,"href":"https:\/\/eternaldiamonds.ca\/fr\/wp-json\/wp\/v2\/users\/4"}],"replies":[{"embeddable":true,"href":"https:\/\/eternaldiamonds.ca\/fr\/wp-json\/wp\/v2\/comments?post=1574"}],"version-history":[{"count":5,"href":"https:\/\/eternaldiamonds.ca\/fr\/wp-json\/wp\/v2\/pages\/1574\/revisions"}],"predecessor-version":[{"id":1579,"href":"https:\/\/eternaldiamonds.ca\/fr\/wp-json\/wp\/v2\/pages\/1574\/revisions\/1579"}],"wp:attachment":[{"href":"https:\/\/eternaldiamonds.ca\/fr\/wp-json\/wp\/v2\/media?parent=1574"}],"curies":[{"name":"wp","href":"https:\/\/api.w.org\/{rel}","templated":true}]}}