
{"id":1663,"date":"2020-02-11T20:41:06","date_gmt":"2020-02-11T20:41:06","guid":{"rendered":"https:\/\/eternaldiamonds.ca\/?page_id=1663"},"modified":"2020-02-11T20:41:06","modified_gmt":"2020-02-11T20:41:06","slug":"bagues-en-diamant","status":"publish","type":"page","link":"https:\/\/eternaldiamonds.ca\/fr\/bagues-en-diamant\/","title":{"rendered":"Bagues en diamant"},"content":{"rendered":"<p><strong>C&rsquo;est votre moment &#8211;<\/strong>\u00a0Le moment o\u00f9 deux personnes d\u00e9cident de se marier est probablement le moment le plus intime et le plus important de leurs vies. Il marque le moment o\u00f9 deux personnes s&rsquo;unissent pour la vie. Comme marque d&rsquo;amour, les diamants \u00e9voquent la romance et la magie des traditions qui ont travers\u00e9 les si\u00e8cles.<\/p>\n<p><strong>Le premier diamant &#8211;<\/strong>\u00a0On sait que le statut unique du diamant comme cadeau d&rsquo;amour ultime lui a \u00e9t\u00e9 conf\u00e9r\u00e9 il y a longtemps : aussi loin qu&rsquo;au 15e si\u00e8cle! La tradition qui correspond \u00e0 donner une bague de fian\u00e7ailles en diamant comme une promesse de mariage a d\u00e9but\u00e9 en 1477 avec l&rsquo;archiduc Maximilien d&rsquo;Autriche et Mary de Bourgogne. \u00c0 ce moment, les diamants \u00e9taient vus comme des talismans ou des breloques qui pouvaient rehausser l&rsquo;amour d&rsquo;un mari pour sa femme. M\u00eame la fl\u00e8che de Cupidon \u00e9tait r\u00e9put\u00e9e comme \u00e9tant recouverte de diamants, pierres dont la magie ne pouvait pas \u00eatre \u00e9gal\u00e9e. \u00c0 partir de ce moment, la tradition royale de donner une bague de fian\u00e7ailles en diamants a commenc\u00e9 \u00e0 \u00eatre suivie par les gens de partout dans le monde, devenant \u00e9ventuellement une \u00e9tape aussi concr\u00e8te dans la vie d&rsquo;un individu que les fian\u00e7ailles elles-m\u00eames.<\/p>\n<p><strong>La brillance d&rsquo;un diamant &#8211;<\/strong>Lorsqu&rsquo;on a commenc\u00e9 \u00e0 donner des diamants comme bagues de fian\u00e7ailles, les montures \u00e9taient \u00e9labor\u00e9es et ne montraient pas n\u00e9cessairement le diamant sous son meilleur jour. Ce n&rsquo;est pas avant la d\u00e9couverte des mines de diamants sur le continent africain en 1870 que les diamants sont devenus accessibles \u00e0 un plus large public, rehaussant la demande et influen\u00e7ant du m\u00eame coup leur design.<\/p>\n<p><strong>Le pouvoir myst\u00e9rieux d&rsquo;un diamant &#8211;<\/strong>\u00a0Le fait de porter une bague en diamants au quatri\u00e8me doigt de la main gauche remonte \u00e0 l&rsquo;\u00e9poque de l&rsquo;ancienne \u00c9gypte o\u00f9, comme on le croyait, se trouve la Vena Amoris (veine de l&rsquo;amour) qui alimente directement le c\u0153ur.<\/p>\n<h2>Bagues En Diamants<\/h2>\n\n\t\t<style type=\"text\/css\">\n\t\t\t#gallery-1 {\n\t\t\t\tmargin: auto;\n\t\t\t}\n\t\t\t#gallery-1 .gallery-item {\n\t\t\t\tfloat: left;\n\t\t\t\tmargin-top: 10px;\n\t\t\t\ttext-align: center;\n\t\t\t\twidth: 33%;\n\t\t\t}\n\t\t\t#gallery-1 img {\n\t\t\t\tborder: 2px solid #cfcfcf;\n\t\t\t}\n\t\t\t#gallery-1 .gallery-caption {\n\t\t\t\tmargin-left: 0;\n\t\t\t}\n\t\t\t\/* see gallery_shortcode() in wp-includes\/media.php *\/\n\t\t<\/style>\n\t\t<div id='gallery-1' class='gallery galleryid-1663 gallery-columns-3 gallery-size-thumbnail'><dl class='gallery-item'>\n\t\t\t<dt class='gallery-icon landscape'>\n\t\t\t\t<a href='https:\/\/eternaldiamonds.ca\/fr\/anniversary-brands-large_1\/'><img loading=\"lazy\" decoding=\"async\" width=\"150\" height=\"150\" src=\"https:\/\/eternaldiamonds.ca\/wp-content\/uploads\/2019\/02\/anniversary-brands-large_1-150x150.jpg\" class=\"attachment-thumbnail size-thumbnail\" alt=\"\" aria-describedby=\"gallery-1-1586\" srcset=\"https:\/\/eternaldiamonds.ca\/wp-content\/uploads\/2019\/02\/anniversary-brands-large_1-150x150.jpg 150w, https:\/\/eternaldiamonds.ca\/wp-content\/uploads\/2019\/02\/anniversary-brands-large_1-100x100.jpg 100w\" sizes=\"auto, (max-width: 150px) 100vw, 150px\" \/><\/a>\n\t\t\t<\/dt>\n\t\t\t\t<dd class='wp-caption-text gallery-caption' id='gallery-1-1586'>\n\t\t\t\tBagues d&rsquo;anniversaire\n\t\t\t\t<\/dd><\/dl><dl class='gallery-item'>\n\t\t\t<dt class='gallery-icon landscape'>\n\t\t\t\t<a href='https:\/\/eternaldiamonds.ca\/fr\/engagement-rings-large\/'><img loading=\"lazy\" decoding=\"async\" width=\"150\" height=\"150\" src=\"https:\/\/eternaldiamonds.ca\/wp-content\/uploads\/2019\/02\/engagement-rings-large-150x150.jpg\" class=\"attachment-thumbnail size-thumbnail\" alt=\"\" aria-describedby=\"gallery-1-1587\" srcset=\"https:\/\/eternaldiamonds.ca\/wp-content\/uploads\/2019\/02\/engagement-rings-large-150x150.jpg 150w, https:\/\/eternaldiamonds.ca\/wp-content\/uploads\/2019\/02\/engagement-rings-large-100x100.jpg 100w\" sizes=\"auto, (max-width: 150px) 100vw, 150px\" \/><\/a>\n\t\t\t<\/dt>\n\t\t\t\t<dd class='wp-caption-text gallery-caption' id='gallery-1-1587'>\n\t\t\t\tBagues de fian\u00e7ailles\n\t\t\t\t<\/dd><\/dl><dl class='gallery-item'>\n\t\t\t<dt class='gallery-icon landscape'>\n\t\t\t\t<a href='https:\/\/eternaldiamonds.ca\/fr\/promise-rings-large\/'><img loading=\"lazy\" decoding=\"async\" width=\"150\" height=\"150\" src=\"https:\/\/eternaldiamonds.ca\/wp-content\/uploads\/2019\/02\/promise-rings-large-150x150.jpg\" class=\"attachment-thumbnail size-thumbnail\" alt=\"\" aria-describedby=\"gallery-1-1588\" srcset=\"https:\/\/eternaldiamonds.ca\/wp-content\/uploads\/2019\/02\/promise-rings-large-150x150.jpg 150w, https:\/\/eternaldiamonds.ca\/wp-content\/uploads\/2019\/02\/promise-rings-large-100x100.jpg 100w\" sizes=\"auto, (max-width: 150px) 100vw, 150px\" \/><\/a>\n\t\t\t<\/dt>\n\t\t\t\t<dd class='wp-caption-text gallery-caption' id='gallery-1-1588'>\n\t\t\t\tBagues de promesse\n\t\t\t\t<\/dd><\/dl><br style=\"clear: both\" \/><dl class='gallery-item'>\n\t\t\t<dt class='gallery-icon landscape'>\n\t\t\t\t<a href='https:\/\/eternaldiamonds.ca\/fr\/three-stone-rings-large\/'><img loading=\"lazy\" decoding=\"async\" width=\"150\" height=\"150\" src=\"https:\/\/eternaldiamonds.ca\/wp-content\/uploads\/2019\/02\/three-stone-rings-large-150x150.jpg\" class=\"attachment-thumbnail size-thumbnail\" alt=\"\" aria-describedby=\"gallery-1-1589\" srcset=\"https:\/\/eternaldiamonds.ca\/wp-content\/uploads\/2019\/02\/three-stone-rings-large-150x150.jpg 150w, https:\/\/eternaldiamonds.ca\/wp-content\/uploads\/2019\/02\/three-stone-rings-large-100x100.jpg 100w\" sizes=\"auto, (max-width: 150px) 100vw, 150px\" \/><\/a>\n\t\t\t<\/dt>\n\t\t\t\t<dd class='wp-caption-text gallery-caption' id='gallery-1-1589'>\n\t\t\t\tBagues d&rsquo;anniversaire a trois pierres\n\t\t\t\t<\/dd><\/dl><dl class='gallery-item'>\n\t\t\t<dt class='gallery-icon landscape'>\n\t\t\t\t<a href='https:\/\/eternaldiamonds.ca\/fr\/wedding-rings-large_1\/'><img loading=\"lazy\" decoding=\"async\" width=\"150\" height=\"150\" src=\"https:\/\/eternaldiamonds.ca\/wp-content\/uploads\/2019\/02\/wedding-rings-large_1-150x150.jpg\" class=\"attachment-thumbnail size-thumbnail\" alt=\"\" aria-describedby=\"gallery-1-1590\" srcset=\"https:\/\/eternaldiamonds.ca\/wp-content\/uploads\/2019\/02\/wedding-rings-large_1-150x150.jpg 150w, https:\/\/eternaldiamonds.ca\/wp-content\/uploads\/2019\/02\/wedding-rings-large_1-100x100.jpg 100w\" sizes=\"auto, (max-width: 150px) 100vw, 150px\" \/><\/a>\n\t\t\t<\/dt>\n\t\t\t\t<dd class='wp-caption-text gallery-caption' id='gallery-1-1590'>\n\t\t\t\tBagues de marriage\n\t\t\t\t<\/dd><\/dl>\n\t\t\t<br style='clear: both' \/>\n\t\t<\/div>\n\n","protected":false},"excerpt":{"rendered":"<p>C&rsquo;est votre moment &#8211;\u00a0Le moment o\u00f9 deux personnes d\u00e9cident de se marier est probablement le moment le plus intime et le plus important de leurs vies. Il marque le moment o\u00f9 deux personnes s&rsquo;unissent pour la vie. Comme marque d&rsquo;amour, les diamants \u00e9voquent la romance et la magie des traditions [&hellip;]<\/p>\n","protected":false},"author":4,"featured_media":0,"parent":0,"menu_order":0,"comment_status":"closed","ping_status":"closed","template":"","meta":{"footnotes":""},"class_list":["post-1663","page","type-page","status-publish","hentry"],"_links":{"self":[{"href":"https:\/\/eternaldiamonds.ca\/fr\/wp-json\/wp\/v2\/pages\/1663","targetHints":{"allow":["GET"]}}],"collection":[{"href":"https:\/\/eternaldiamonds.ca\/fr\/wp-json\/wp\/v2\/pages"}],"about":[{"href":"https:\/\/eternaldiamonds.ca\/fr\/wp-json\/wp\/v2\/types\/page"}],"author":[{"embeddable":true,"href":"https:\/\/eternaldiamonds.ca\/fr\/wp-json\/wp\/v2\/users\/4"}],"replies":[{"embeddable":true,"href":"https:\/\/eternaldiamonds.ca\/fr\/wp-json\/wp\/v2\/comments?post=1663"}],"version-history":[{"count":1,"href":"https:\/\/eternaldiamonds.ca\/fr\/wp-json\/wp\/v2\/pages\/1663\/revisions"}],"predecessor-version":[{"id":1664,"href":"https:\/\/eternaldiamonds.ca\/fr\/wp-json\/wp\/v2\/pages\/1663\/revisions\/1664"}],"wp:attachment":[{"href":"https:\/\/eternaldiamonds.ca\/fr\/wp-json\/wp\/v2\/media?parent=1663"}],"curies":[{"name":"wp","href":"https:\/\/api.w.org\/{rel}","templated":true}]}}