
{"id":1666,"date":"2020-02-11T20:59:47","date_gmt":"2020-02-11T20:59:47","guid":{"rendered":"https:\/\/eternaldiamonds.ca\/?page_id=1666"},"modified":"2020-02-11T20:59:47","modified_gmt":"2020-02-11T20:59:47","slug":"bagues-danniversaire","status":"publish","type":"page","link":"https:\/\/eternaldiamonds.ca\/fr\/bagues-en-diamant\/bagues-danniversaire\/","title":{"rendered":"Bagues d&rsquo;anniversaire"},"content":{"rendered":"<div class=\"page-title category-title\">\n<h1>Bagues d&rsquo;anniversaire<\/h1>\n<\/div>\n<p class=\"category-image\"><img loading=\"lazy\" decoding=\"async\" class=\"size-full wp-image-159\" src=\"http:\/\/eternaldiamonds.ca\/wp-content\/uploads\/2019\/02\/anniversary-brands-1.jpg\" alt=\"\" width=\"104\" height=\"82\" \/><\/p>\n<p>Rien ne peut affirmer que vous pourriez vous marier encore et encore comme une bague anniversaire en diamant. Chaque pierre se soude \u00e0 la pierre suivante et ainsi de suite jusqu&rsquo;\u00e0 ce que toute la bague soit encercl\u00e9e de diamants. Aussi solide que l&rsquo;est votre engagement l&rsquo;un envers l&rsquo;autre, la bague anniversaire en diamant symbolise l&rsquo;amour \u00e9ternel qui existe entre un mari et sa femme.<br \/>\nPour la seule f\u00eate qui vous appartient exclusivement \u2013 la bague anniversaire en diamant.<\/p>\n<p>Pour de plus amples renseignements sur notre s\u00e9lection de bagues anniversaires, veuillez communiquer avec nous par <a href=\"https:\/\/web.archive.org\/web\/20160522061537\/mailto:info@eternaldiamonds.ca\">courriel<\/a> ou nous t\u00e9l\u00e9phoner au 514 393-3426.<\/p>\n<p class=\"note-msg\">Aucun produit ne correspond \u00e0 la s\u00e9lection<\/p>\n","protected":false},"excerpt":{"rendered":"<p>Bagues d&rsquo;anniversaire Rien ne peut affirmer que vous pourriez vous marier encore et encore comme une bague anniversaire en diamant. Chaque pierre se soude \u00e0 la pierre suivante et ainsi de suite jusqu&rsquo;\u00e0 ce que toute la bague soit encercl\u00e9e de diamants. Aussi solide que l&rsquo;est votre engagement l&rsquo;un envers [&hellip;]<\/p>\n","protected":false},"author":4,"featured_media":0,"parent":1663,"menu_order":0,"comment_status":"closed","ping_status":"closed","template":"","meta":{"footnotes":""},"class_list":["post-1666","page","type-page","status-publish","hentry"],"_links":{"self":[{"href":"https:\/\/eternaldiamonds.ca\/fr\/wp-json\/wp\/v2\/pages\/1666","targetHints":{"allow":["GET"]}}],"collection":[{"href":"https:\/\/eternaldiamonds.ca\/fr\/wp-json\/wp\/v2\/pages"}],"about":[{"href":"https:\/\/eternaldiamonds.ca\/fr\/wp-json\/wp\/v2\/types\/page"}],"author":[{"embeddable":true,"href":"https:\/\/eternaldiamonds.ca\/fr\/wp-json\/wp\/v2\/users\/4"}],"replies":[{"embeddable":true,"href":"https:\/\/eternaldiamonds.ca\/fr\/wp-json\/wp\/v2\/comments?post=1666"}],"version-history":[{"count":1,"href":"https:\/\/eternaldiamonds.ca\/fr\/wp-json\/wp\/v2\/pages\/1666\/revisions"}],"predecessor-version":[{"id":1667,"href":"https:\/\/eternaldiamonds.ca\/fr\/wp-json\/wp\/v2\/pages\/1666\/revisions\/1667"}],"up":[{"embeddable":true,"href":"https:\/\/eternaldiamonds.ca\/fr\/wp-json\/wp\/v2\/pages\/1663"}],"wp:attachment":[{"href":"https:\/\/eternaldiamonds.ca\/fr\/wp-json\/wp\/v2\/media?parent=1666"}],"curies":[{"name":"wp","href":"https:\/\/api.w.org\/{rel}","templated":true}]}}