
{"id":1670,"date":"2020-02-11T21:02:01","date_gmt":"2020-02-11T21:02:01","guid":{"rendered":"https:\/\/eternaldiamonds.ca\/?page_id=1670"},"modified":"2020-02-11T21:07:09","modified_gmt":"2020-02-11T21:07:09","slug":"bagues-de-fiancailles","status":"publish","type":"page","link":"https:\/\/eternaldiamonds.ca\/fr\/bagues-en-diamant\/bagues-de-fiancailles\/","title":{"rendered":"Bagues de fian\u00e7ailles"},"content":{"rendered":"<div class=\"page-title category-title\">\n<h1>Bagues de fian\u00e7ailles<\/h1>\n<\/div>\n<p class=\"category-image\"><img loading=\"lazy\" decoding=\"async\" class=\"size-full wp-image-158\" src=\"http:\/\/eternaldiamonds.ca\/wp-content\/uploads\/2019\/02\/engagement-rings-1.jpg\" alt=\"Engagement Rings\" width=\"106\" height=\"82\" \/><\/p>\n<p>Une bague de fian\u00e7ailles ne doit pas seulement bien se porter au doigt; elle doit \u00e9galement convenir parfaitement \u00e0 la femme qui la porte. Elle doit \u00eatre une r\u00e9flexion de qui elle est en plus d&#8217;embrasser ses sentiments en lien avec l&rsquo;engagement qu&rsquo;elle est sur le point de sceller. Le diamant est, bien entendu, la d\u00e9cision la plus importante \u00e0 prendre. Mais vient ensuite la question de la monture. Et tandis que certaines montures peuvent \u00eatre plus appropri\u00e9es que d&rsquo;autres en termes de formes de diamants sp\u00e9cifiques, la d\u00e9cision ultime en appelle au go\u00fbt personnel.<\/p>\n<p>Pour de plus amples renseignements sur notre s\u00e9lection de bagues de fian\u00e7ailles, veuillez communiquer avec nous par <a href=\"https:\/\/web.archive.org\/web\/20170310084701\/mailto:info@eternaldiamonds.ca\">courriel<\/a> ou nous t\u00e9l\u00e9phoner au (514) 393-3426.<\/p>\n<p class=\"note-msg\">Aucun produit ne correspond \u00e0 la s\u00e9lection<\/p>\n","protected":false},"excerpt":{"rendered":"<p>Bagues de fian\u00e7ailles Une bague de fian\u00e7ailles ne doit pas seulement bien se porter au doigt; elle doit \u00e9galement convenir parfaitement \u00e0 la femme qui la porte. Elle doit \u00eatre une r\u00e9flexion de qui elle est en plus d&#8217;embrasser ses sentiments en lien avec l&rsquo;engagement qu&rsquo;elle est sur le point [&hellip;]<\/p>\n","protected":false},"author":4,"featured_media":0,"parent":1663,"menu_order":0,"comment_status":"closed","ping_status":"closed","template":"","meta":{"footnotes":""},"class_list":["post-1670","page","type-page","status-publish","hentry"],"_links":{"self":[{"href":"https:\/\/eternaldiamonds.ca\/fr\/wp-json\/wp\/v2\/pages\/1670","targetHints":{"allow":["GET"]}}],"collection":[{"href":"https:\/\/eternaldiamonds.ca\/fr\/wp-json\/wp\/v2\/pages"}],"about":[{"href":"https:\/\/eternaldiamonds.ca\/fr\/wp-json\/wp\/v2\/types\/page"}],"author":[{"embeddable":true,"href":"https:\/\/eternaldiamonds.ca\/fr\/wp-json\/wp\/v2\/users\/4"}],"replies":[{"embeddable":true,"href":"https:\/\/eternaldiamonds.ca\/fr\/wp-json\/wp\/v2\/comments?post=1670"}],"version-history":[{"count":2,"href":"https:\/\/eternaldiamonds.ca\/fr\/wp-json\/wp\/v2\/pages\/1670\/revisions"}],"predecessor-version":[{"id":1674,"href":"https:\/\/eternaldiamonds.ca\/fr\/wp-json\/wp\/v2\/pages\/1670\/revisions\/1674"}],"up":[{"embeddable":true,"href":"https:\/\/eternaldiamonds.ca\/fr\/wp-json\/wp\/v2\/pages\/1663"}],"wp:attachment":[{"href":"https:\/\/eternaldiamonds.ca\/fr\/wp-json\/wp\/v2\/media?parent=1670"}],"curies":[{"name":"wp","href":"https:\/\/api.w.org\/{rel}","templated":true}]}}