
{"id":1675,"date":"2020-02-11T21:09:09","date_gmt":"2020-02-11T21:09:09","guid":{"rendered":"https:\/\/eternaldiamonds.ca\/?page_id=1675"},"modified":"2020-02-11T21:09:09","modified_gmt":"2020-02-11T21:09:09","slug":"bagues-de-fiancailles-personnalisees","status":"publish","type":"page","link":"https:\/\/eternaldiamonds.ca\/fr\/bagues-en-diamant\/bagues-de-fiancailles\/bagues-de-fiancailles-personnalisees\/","title":{"rendered":"Bagues de fian\u00e7ailles personnalis\u00e9es"},"content":{"rendered":"<div class=\"page-title category-title\">\n<h1>Bagues de fian\u00e7ailles personnalis\u00e9es<\/h1>\n<\/div>\n<p class=\"note-msg\">Aucun produit ne correspond \u00e0 la s\u00e9lection<\/p>\n","protected":false},"excerpt":{"rendered":"<p>Bagues de fian\u00e7ailles personnalis\u00e9es Aucun produit ne correspond \u00e0 la s\u00e9lection<\/p>\n","protected":false},"author":4,"featured_media":0,"parent":1670,"menu_order":0,"comment_status":"closed","ping_status":"closed","template":"","meta":{"footnotes":""},"class_list":["post-1675","page","type-page","status-publish","hentry"],"_links":{"self":[{"href":"https:\/\/eternaldiamonds.ca\/fr\/wp-json\/wp\/v2\/pages\/1675","targetHints":{"allow":["GET"]}}],"collection":[{"href":"https:\/\/eternaldiamonds.ca\/fr\/wp-json\/wp\/v2\/pages"}],"about":[{"href":"https:\/\/eternaldiamonds.ca\/fr\/wp-json\/wp\/v2\/types\/page"}],"author":[{"embeddable":true,"href":"https:\/\/eternaldiamonds.ca\/fr\/wp-json\/wp\/v2\/users\/4"}],"replies":[{"embeddable":true,"href":"https:\/\/eternaldiamonds.ca\/fr\/wp-json\/wp\/v2\/comments?post=1675"}],"version-history":[{"count":1,"href":"https:\/\/eternaldiamonds.ca\/fr\/wp-json\/wp\/v2\/pages\/1675\/revisions"}],"predecessor-version":[{"id":1677,"href":"https:\/\/eternaldiamonds.ca\/fr\/wp-json\/wp\/v2\/pages\/1675\/revisions\/1677"}],"up":[{"embeddable":true,"href":"https:\/\/eternaldiamonds.ca\/fr\/wp-json\/wp\/v2\/pages\/1670"}],"wp:attachment":[{"href":"https:\/\/eternaldiamonds.ca\/fr\/wp-json\/wp\/v2\/media?parent=1675"}],"curies":[{"name":"wp","href":"https:\/\/api.w.org\/{rel}","templated":true}]}}