
{"id":1689,"date":"2020-02-11T21:14:56","date_gmt":"2020-02-11T21:14:56","guid":{"rendered":"https:\/\/eternaldiamonds.ca\/?page_id=1689"},"modified":"2020-02-11T21:14:56","modified_gmt":"2020-02-11T21:14:56","slug":"bagues-de-fiancailles-solitaires","status":"publish","type":"page","link":"https:\/\/eternaldiamonds.ca\/fr\/bagues-en-diamant\/bagues-de-fiancailles\/bagues-de-fiancailles-solitaires\/","title":{"rendered":"Bagues de fian\u00e7ailles solitaires"},"content":{"rendered":"<div class=\"page-title category-title\">\n<h1>Bagues de fian\u00e7ailles solitaires<\/h1>\n<\/div>\n<p class=\"note-msg\">Aucun produit ne correspond \u00e0 la s\u00e9lection<\/p>\n","protected":false},"excerpt":{"rendered":"<p>Bagues de fian\u00e7ailles solitaires Aucun produit ne correspond \u00e0 la s\u00e9lection<\/p>\n","protected":false},"author":4,"featured_media":0,"parent":1670,"menu_order":0,"comment_status":"closed","ping_status":"closed","template":"","meta":{"footnotes":""},"class_list":["post-1689","page","type-page","status-publish","hentry"],"_links":{"self":[{"href":"https:\/\/eternaldiamonds.ca\/fr\/wp-json\/wp\/v2\/pages\/1689","targetHints":{"allow":["GET"]}}],"collection":[{"href":"https:\/\/eternaldiamonds.ca\/fr\/wp-json\/wp\/v2\/pages"}],"about":[{"href":"https:\/\/eternaldiamonds.ca\/fr\/wp-json\/wp\/v2\/types\/page"}],"author":[{"embeddable":true,"href":"https:\/\/eternaldiamonds.ca\/fr\/wp-json\/wp\/v2\/users\/4"}],"replies":[{"embeddable":true,"href":"https:\/\/eternaldiamonds.ca\/fr\/wp-json\/wp\/v2\/comments?post=1689"}],"version-history":[{"count":1,"href":"https:\/\/eternaldiamonds.ca\/fr\/wp-json\/wp\/v2\/pages\/1689\/revisions"}],"predecessor-version":[{"id":1690,"href":"https:\/\/eternaldiamonds.ca\/fr\/wp-json\/wp\/v2\/pages\/1689\/revisions\/1690"}],"up":[{"embeddable":true,"href":"https:\/\/eternaldiamonds.ca\/fr\/wp-json\/wp\/v2\/pages\/1670"}],"wp:attachment":[{"href":"https:\/\/eternaldiamonds.ca\/fr\/wp-json\/wp\/v2\/media?parent=1689"}],"curies":[{"name":"wp","href":"https:\/\/api.w.org\/{rel}","templated":true}]}}