
{"id":1699,"date":"2020-02-11T21:17:22","date_gmt":"2020-02-11T21:17:22","guid":{"rendered":"https:\/\/eternaldiamonds.ca\/?page_id=1699"},"modified":"2020-02-11T21:17:22","modified_gmt":"2020-02-11T21:17:22","slug":"bagues-de-marriage","status":"publish","type":"page","link":"https:\/\/eternaldiamonds.ca\/fr\/bagues-en-diamant\/bagues-de-marriage\/","title":{"rendered":"Bagues de marriage"},"content":{"rendered":"<div class=\"page-title category-title\">\n<h1>Bagues de marriage<\/h1>\n<\/div>\n<p class=\"category-image\"><img loading=\"lazy\" decoding=\"async\" src=\"http:\/\/eternaldiamonds.ca\/wp-content\/uploads\/2019\/02\/wedding-rings-1.jpg\" alt=\"\" width=\"102\" height=\"82\" class=\"alignnone size-full wp-image-162\" \/><\/p>\n<p> Chez Eternal Diamonds, nous comprenons qu&rsquo;un anneau de mariage n&rsquo;est pas une simple pi\u00e8ce de bijou comme les autres. Voil\u00e0 pourquoi nous nous sommes engag\u00e9s \u00e0 la cr\u00e9ation et \u00e0 l&rsquo;expansion constantes de l&rsquo;une des plus importantes et uniques collections d&rsquo;anneaux de mariage disponibles. <\/p>\n<p>Il n&rsquo;y a aucune tradition religieuse qui requiert que l&rsquo;anneau de mariage de l&rsquo;homme corresponde parfaitement \u00e0 l&rsquo;anneau de mariage de la femme. Plusieurs personnes choisiront leur anneau de mariage pour qu&rsquo;il corresponde \u00e0 leurs pr\u00e9f\u00e9rences personnelles. <\/p>\n<p>Nous avons suffisamment de styles sous la main pour vous permettre de visualiser bon nombre d&rsquo;options de mani\u00e8re \u00e0 pouvoir faire le meilleur choix pour vous et pour votre partenaire. <\/p>\n<p>Pour de plus amples renseignements sur notre s\u00e9lection d&rsquo;anneaux de mariage, veuillez communiquer avec nous par <a href=\"https:\/\/web.archive.org\/web\/20161008101613\/mailto:info@eternaldiamonds.ca\">courriel<\/a> ou par t\u00e9l\u00e9phone au (514) 393-3426. <\/p>\n<p class=\"note-msg\">Aucun produit ne correspond \u00e0 la s\u00e9lection<\/p>\n","protected":false},"excerpt":{"rendered":"<p>Bagues de marriage Chez Eternal Diamonds, nous comprenons qu&rsquo;un anneau de mariage n&rsquo;est pas une simple pi\u00e8ce de bijou comme les autres. Voil\u00e0 pourquoi nous nous sommes engag\u00e9s \u00e0 la cr\u00e9ation et \u00e0 l&rsquo;expansion constantes de l&rsquo;une des plus importantes et uniques collections d&rsquo;anneaux de mariage disponibles. Il n&rsquo;y a [&hellip;]<\/p>\n","protected":false},"author":4,"featured_media":0,"parent":1663,"menu_order":0,"comment_status":"closed","ping_status":"closed","template":"","meta":{"footnotes":""},"class_list":["post-1699","page","type-page","status-publish","hentry"],"_links":{"self":[{"href":"https:\/\/eternaldiamonds.ca\/fr\/wp-json\/wp\/v2\/pages\/1699","targetHints":{"allow":["GET"]}}],"collection":[{"href":"https:\/\/eternaldiamonds.ca\/fr\/wp-json\/wp\/v2\/pages"}],"about":[{"href":"https:\/\/eternaldiamonds.ca\/fr\/wp-json\/wp\/v2\/types\/page"}],"author":[{"embeddable":true,"href":"https:\/\/eternaldiamonds.ca\/fr\/wp-json\/wp\/v2\/users\/4"}],"replies":[{"embeddable":true,"href":"https:\/\/eternaldiamonds.ca\/fr\/wp-json\/wp\/v2\/comments?post=1699"}],"version-history":[{"count":1,"href":"https:\/\/eternaldiamonds.ca\/fr\/wp-json\/wp\/v2\/pages\/1699\/revisions"}],"predecessor-version":[{"id":1700,"href":"https:\/\/eternaldiamonds.ca\/fr\/wp-json\/wp\/v2\/pages\/1699\/revisions\/1700"}],"up":[{"embeddable":true,"href":"https:\/\/eternaldiamonds.ca\/fr\/wp-json\/wp\/v2\/pages\/1663"}],"wp:attachment":[{"href":"https:\/\/eternaldiamonds.ca\/fr\/wp-json\/wp\/v2\/media?parent=1699"}],"curies":[{"name":"wp","href":"https:\/\/api.w.org\/{rel}","templated":true}]}}