
{"id":1712,"date":"2020-02-11T21:20:23","date_gmt":"2020-02-11T21:20:23","guid":{"rendered":"https:\/\/eternaldiamonds.ca\/?page_id=1712"},"modified":"2020-02-11T21:20:23","modified_gmt":"2020-02-11T21:20:23","slug":"diamants","status":"publish","type":"page","link":"https:\/\/eternaldiamonds.ca\/fr\/diamants\/","title":{"rendered":"Diamants"},"content":{"rendered":"<p>Magnifiques et rares, les diamants sont convoit\u00e9s pour leur brillance et leur message d&rsquo;amour.<\/p>\n<p>Lorsque vient le temps d&rsquo;acheter un diamant, la qualit\u00e9 est tr\u00e8s importante.<\/p>\n<p>Notre m\u00e9thode pratique pour ce qui touche tous les aspects de l&rsquo;industrie du diamant permet d&rsquo;assurer que nous maintenons les plus hautes normes de qualit\u00e9 pour chaque diamant que nous vendons.<\/p>\n<p>Lorsque vous achetez un diamant Eternal Diamond, vous pouvez \u00eatre assur\u00e9 \u00e0 100% que vous avez en main la meilleure qualit\u00e9 qui soit.<\/p>\n<p>Chacun de nos diamants est \u00e9galement assorti de notre garantie Eternal Diamond.<\/p>\n<p>Poss\u00e9der un diamant a toujours \u00e9t\u00e9 associ\u00e9 au fait d&rsquo;avoir en main un objet de grande beaut\u00e9 et de valeur durable. Les diamants sont certainement la plus pr\u00e9cieuse de toutes les cr\u00e9ations de la nature. Leur brillance ardente embrasse nos c\u0153urs \u00e0 titre de symbole de l&rsquo;amour.<\/p>\n<p>La valeur d&rsquo;un diamant est d\u00e9termin\u00e9e par sa qualit\u00e9 exacte telle que d\u00e9finie par les 4C: carat (poids), clart\u00e9, couleur et coupe.<\/p>\n<h2>Diamants<\/h2>\n\n\t\t<style type=\"text\/css\">\n\t\t\t#gallery-1 {\n\t\t\t\tmargin: auto;\n\t\t\t}\n\t\t\t#gallery-1 .gallery-item {\n\t\t\t\tfloat: left;\n\t\t\t\tmargin-top: 10px;\n\t\t\t\ttext-align: center;\n\t\t\t\twidth: 33%;\n\t\t\t}\n\t\t\t#gallery-1 img {\n\t\t\t\tborder: 2px solid #cfcfcf;\n\t\t\t}\n\t\t\t#gallery-1 .gallery-caption {\n\t\t\t\tmargin-left: 0;\n\t\t\t}\n\t\t\t\/* see gallery_shortcode() in wp-includes\/media.php *\/\n\t\t<\/style>\n\t\t<div id='gallery-1' class='gallery galleryid-1712 gallery-columns-3 gallery-size-thumbnail'><dl class='gallery-item'>\n\t\t\t<dt class='gallery-icon portrait'>\n\t\t\t\t<a href='https:\/\/eternaldiamonds.ca\/fr\/diamants\/large-img\/'><img loading=\"lazy\" decoding=\"async\" width=\"150\" height=\"150\" src=\"https:\/\/eternaldiamonds.ca\/wp-content\/uploads\/2019\/02\/large-img-150x150.jpg\" class=\"attachment-thumbnail size-thumbnail\" alt=\"\" aria-describedby=\"gallery-1-1597\" srcset=\"https:\/\/eternaldiamonds.ca\/wp-content\/uploads\/2019\/02\/large-img-150x150.jpg 150w, https:\/\/eternaldiamonds.ca\/wp-content\/uploads\/2019\/02\/large-img-100x100.jpg 100w, https:\/\/eternaldiamonds.ca\/wp-content\/uploads\/2019\/02\/large-img.jpg 253w\" sizes=\"auto, (max-width: 150px) 100vw, 150px\" \/><\/a>\n\t\t\t<\/dt>\n\t\t\t\t<dd class='wp-caption-text gallery-caption' id='gallery-1-1597'>\n\t\t\t\tPoids En Carats\n\t\t\t\t<\/dd><\/dl><dl class='gallery-item'>\n\t\t\t<dt class='gallery-icon portrait'>\n\t\t\t\t<a href='https:\/\/eternaldiamonds.ca\/fr\/diamants\/clarity-img\/'><img loading=\"lazy\" decoding=\"async\" width=\"150\" height=\"150\" src=\"https:\/\/eternaldiamonds.ca\/wp-content\/uploads\/2019\/02\/clarity-img-150x150.jpg\" class=\"attachment-thumbnail size-thumbnail\" alt=\"\" aria-describedby=\"gallery-1-1600\" srcset=\"https:\/\/eternaldiamonds.ca\/wp-content\/uploads\/2019\/02\/clarity-img-150x150.jpg 150w, https:\/\/eternaldiamonds.ca\/wp-content\/uploads\/2019\/02\/clarity-img-100x100.jpg 100w, https:\/\/eternaldiamonds.ca\/wp-content\/uploads\/2019\/02\/clarity-img.jpg 253w\" sizes=\"auto, (max-width: 150px) 100vw, 150px\" \/><\/a>\n\t\t\t<\/dt>\n\t\t\t\t<dd class='wp-caption-text gallery-caption' id='gallery-1-1600'>\n\t\t\t\tClart\u00e9\n\t\t\t\t<\/dd><\/dl><dl class='gallery-item'>\n\t\t\t<dt class='gallery-icon portrait'>\n\t\t\t\t<a href='https:\/\/eternaldiamonds.ca\/fr\/diamants\/color-img\/'><img loading=\"lazy\" decoding=\"async\" width=\"150\" height=\"150\" src=\"https:\/\/eternaldiamonds.ca\/wp-content\/uploads\/2019\/02\/color-img-150x150.jpg\" class=\"attachment-thumbnail size-thumbnail\" alt=\"\" aria-describedby=\"gallery-1-1601\" srcset=\"https:\/\/eternaldiamonds.ca\/wp-content\/uploads\/2019\/02\/color-img-150x150.jpg 150w, https:\/\/eternaldiamonds.ca\/wp-content\/uploads\/2019\/02\/color-img-100x100.jpg 100w, https:\/\/eternaldiamonds.ca\/wp-content\/uploads\/2019\/02\/color-img.jpg 253w\" sizes=\"auto, (max-width: 150px) 100vw, 150px\" \/><\/a>\n\t\t\t<\/dt>\n\t\t\t\t<dd class='wp-caption-text gallery-caption' id='gallery-1-1601'>\n\t\t\t\tCouleur\n\t\t\t\t<\/dd><\/dl><br style=\"clear: both\" \/><dl class='gallery-item'>\n\t\t\t<dt class='gallery-icon portrait'>\n\t\t\t\t<a href='https:\/\/eternaldiamonds.ca\/fr\/diamants\/cut-img\/'><img loading=\"lazy\" decoding=\"async\" width=\"150\" height=\"150\" src=\"https:\/\/eternaldiamonds.ca\/wp-content\/uploads\/2019\/02\/cut-img-150x150.jpg\" class=\"attachment-thumbnail size-thumbnail\" alt=\"\" aria-describedby=\"gallery-1-1602\" srcset=\"https:\/\/eternaldiamonds.ca\/wp-content\/uploads\/2019\/02\/cut-img-150x150.jpg 150w, https:\/\/eternaldiamonds.ca\/wp-content\/uploads\/2019\/02\/cut-img-100x100.jpg 100w, https:\/\/eternaldiamonds.ca\/wp-content\/uploads\/2019\/02\/cut-img.jpg 253w\" sizes=\"auto, (max-width: 150px) 100vw, 150px\" \/><\/a>\n\t\t\t<\/dt>\n\t\t\t\t<dd class='wp-caption-text gallery-caption' id='gallery-1-1602'>\n\t\t\t\tCoupe\n\t\t\t\t<\/dd><\/dl><dl class='gallery-item'>\n\t\t\t<dt class='gallery-icon portrait'>\n\t\t\t\t<a href='https:\/\/eternaldiamonds.ca\/fr\/diamants\/shapes-img\/'><img loading=\"lazy\" decoding=\"async\" width=\"150\" height=\"150\" src=\"https:\/\/eternaldiamonds.ca\/wp-content\/uploads\/2019\/02\/shapes-img-150x150.jpg\" class=\"attachment-thumbnail size-thumbnail\" alt=\"\" aria-describedby=\"gallery-1-1603\" srcset=\"https:\/\/eternaldiamonds.ca\/wp-content\/uploads\/2019\/02\/shapes-img-150x150.jpg 150w, https:\/\/eternaldiamonds.ca\/wp-content\/uploads\/2019\/02\/shapes-img-100x100.jpg 100w, https:\/\/eternaldiamonds.ca\/wp-content\/uploads\/2019\/02\/shapes-img.jpg 253w\" sizes=\"auto, (max-width: 150px) 100vw, 150px\" \/><\/a>\n\t\t\t<\/dt>\n\t\t\t\t<dd class='wp-caption-text gallery-caption' id='gallery-1-1603'>\n\t\t\t\tFormes\n\t\t\t\t<\/dd><\/dl><dl class='gallery-item'>\n\t\t\t<dt class='gallery-icon portrait'>\n\t\t\t\t<a href='https:\/\/eternaldiamonds.ca\/fr\/diamants\/canadian-diamonds-img\/'><img loading=\"lazy\" decoding=\"async\" width=\"150\" height=\"150\" src=\"https:\/\/eternaldiamonds.ca\/wp-content\/uploads\/2019\/02\/canadian-diamonds-img-150x150.jpg\" class=\"attachment-thumbnail size-thumbnail\" alt=\"\" aria-describedby=\"gallery-1-1599\" srcset=\"https:\/\/eternaldiamonds.ca\/wp-content\/uploads\/2019\/02\/canadian-diamonds-img-150x150.jpg 150w, https:\/\/eternaldiamonds.ca\/wp-content\/uploads\/2019\/02\/canadian-diamonds-img-100x100.jpg 100w, https:\/\/eternaldiamonds.ca\/wp-content\/uploads\/2019\/02\/canadian-diamonds-img.jpg 253w\" sizes=\"auto, (max-width: 150px) 100vw, 150px\" \/><\/a>\n\t\t\t<\/dt>\n\t\t\t\t<dd class='wp-caption-text gallery-caption' id='gallery-1-1599'>\n\t\t\t\tLes Diamants Canadiens\n\t\t\t\t<\/dd><\/dl><br style=\"clear: both\" \/>\n\t\t<\/div>\n\n","protected":false},"excerpt":{"rendered":"<p>Magnifiques et rares, les diamants sont convoit\u00e9s pour leur brillance et leur message d&rsquo;amour. Lorsque vient le temps d&rsquo;acheter un diamant, la qualit\u00e9 est tr\u00e8s importante. Notre m\u00e9thode pratique pour ce qui touche tous les aspects de l&rsquo;industrie du diamant permet d&rsquo;assurer que nous maintenons les plus hautes normes de [&hellip;]<\/p>\n","protected":false},"author":4,"featured_media":0,"parent":0,"menu_order":0,"comment_status":"closed","ping_status":"closed","template":"","meta":{"footnotes":""},"class_list":["post-1712","page","type-page","status-publish","hentry"],"_links":{"self":[{"href":"https:\/\/eternaldiamonds.ca\/fr\/wp-json\/wp\/v2\/pages\/1712","targetHints":{"allow":["GET"]}}],"collection":[{"href":"https:\/\/eternaldiamonds.ca\/fr\/wp-json\/wp\/v2\/pages"}],"about":[{"href":"https:\/\/eternaldiamonds.ca\/fr\/wp-json\/wp\/v2\/types\/page"}],"author":[{"embeddable":true,"href":"https:\/\/eternaldiamonds.ca\/fr\/wp-json\/wp\/v2\/users\/4"}],"replies":[{"embeddable":true,"href":"https:\/\/eternaldiamonds.ca\/fr\/wp-json\/wp\/v2\/comments?post=1712"}],"version-history":[{"count":1,"href":"https:\/\/eternaldiamonds.ca\/fr\/wp-json\/wp\/v2\/pages\/1712\/revisions"}],"predecessor-version":[{"id":1713,"href":"https:\/\/eternaldiamonds.ca\/fr\/wp-json\/wp\/v2\/pages\/1712\/revisions\/1713"}],"wp:attachment":[{"href":"https:\/\/eternaldiamonds.ca\/fr\/wp-json\/wp\/v2\/media?parent=1712"}],"curies":[{"name":"wp","href":"https:\/\/api.w.org\/{rel}","templated":true}]}}