
{"id":1718,"date":"2020-02-11T22:15:09","date_gmt":"2020-02-11T22:15:09","guid":{"rendered":"https:\/\/eternaldiamonds.ca\/?page_id=1718"},"modified":"2020-02-11T22:24:21","modified_gmt":"2020-02-11T22:24:21","slug":"poids-en-carats","status":"publish","type":"page","link":"https:\/\/eternaldiamonds.ca\/fr\/diamants\/poids-en-carats\/","title":{"rendered":"Poids en Carats"},"content":{"rendered":"<div class=\"std\">\n<div class=\"pro_detail clearfix\">\n<div class=\"proImg_large\"><img loading=\"lazy\" decoding=\"async\" class=\"size-full wp-image-47\" src=\"http:\/\/eternaldiamonds.ca\/wp-content\/uploads\/2019\/02\/large-img.jpg\" alt=\"Poids En Carats\" width=\"253\" height=\"255\" srcset=\"https:\/\/eternaldiamonds.ca\/wp-content\/uploads\/2019\/02\/large-img.jpg 253w, https:\/\/eternaldiamonds.ca\/wp-content\/uploads\/2019\/02\/large-img-100x100.jpg 100w, https:\/\/eternaldiamonds.ca\/wp-content\/uploads\/2019\/02\/large-img-150x150.jpg 150w\" sizes=\"auto, (max-width: 253px) 100vw, 253px\" \/><\/div>\n<div class=\"proDes_full\">\n<h3>Poids en Carats<\/h3>\n<p>La plupart des gens comparent le poids en carats \u00e0 la taille. Plus le diamant est gros, plus sa masse est importante.<\/p>\n<p>Le poids d\u2019un diamant est exprim\u00e9 en carats. Un carat est fix\u00e9 \u00e0 0,20 gramme. Un carat est divis\u00e9 en 100 points. Un diamant mesurant un quart de carat peut aussi \u00eatre d\u00e9crit comme pesant 25 points ou 0,25 carat.<\/p>\n<p>La raret\u00e9 d\u2019un diamant est grandement affect\u00e9e par sa taille. La raret\u00e9 d\u2019un diamant d\u2019un carat est plus importante que deux fois celle d\u2019un diamant de 0,50 carat. Bien que celui p\u00e8se uniquement deux fois plus, le diamant d\u2019un carat est statistiquement beaucoup plus rare et difficile \u00e0 extraire que le diamant de 0,50 carat.<\/p>\n<p>Voici quelques exemples de diff\u00e9rents poids pour des diamants ronds et leurs tailles correspondantes.<\/p>\n<p><img loading=\"lazy\" decoding=\"async\" class=\"alignnone size-medium wp-image-49\" src=\"http:\/\/eternaldiamonds.ca\/wp-content\/uploads\/2019\/02\/carat-weight2-300x123.jpg\" alt=\"\" width=\"300\" height=\"123\" srcset=\"https:\/\/eternaldiamonds.ca\/wp-content\/uploads\/2019\/02\/carat-weight2-300x123.jpg 300w, https:\/\/eternaldiamonds.ca\/wp-content\/uploads\/2019\/02\/carat-weight2.jpg 431w\" sizes=\"auto, (max-width: 300px) 100vw, 300px\" \/><\/p>\n<\/div>\n<\/div>\n<\/div>\n","protected":false},"excerpt":{"rendered":"<p>Poids en Carats La plupart des gens comparent le poids en carats \u00e0 la taille. Plus le diamant est gros, plus sa masse est importante. Le poids d\u2019un diamant est exprim\u00e9 en carats. Un carat est fix\u00e9 \u00e0 0,20 gramme. Un carat est divis\u00e9 en 100 points. Un diamant mesurant [&hellip;]<\/p>\n","protected":false},"author":4,"featured_media":0,"parent":1712,"menu_order":0,"comment_status":"closed","ping_status":"closed","template":"","meta":{"footnotes":""},"class_list":["post-1718","page","type-page","status-publish","hentry"],"_links":{"self":[{"href":"https:\/\/eternaldiamonds.ca\/fr\/wp-json\/wp\/v2\/pages\/1718","targetHints":{"allow":["GET"]}}],"collection":[{"href":"https:\/\/eternaldiamonds.ca\/fr\/wp-json\/wp\/v2\/pages"}],"about":[{"href":"https:\/\/eternaldiamonds.ca\/fr\/wp-json\/wp\/v2\/types\/page"}],"author":[{"embeddable":true,"href":"https:\/\/eternaldiamonds.ca\/fr\/wp-json\/wp\/v2\/users\/4"}],"replies":[{"embeddable":true,"href":"https:\/\/eternaldiamonds.ca\/fr\/wp-json\/wp\/v2\/comments?post=1718"}],"version-history":[{"count":2,"href":"https:\/\/eternaldiamonds.ca\/fr\/wp-json\/wp\/v2\/pages\/1718\/revisions"}],"predecessor-version":[{"id":1756,"href":"https:\/\/eternaldiamonds.ca\/fr\/wp-json\/wp\/v2\/pages\/1718\/revisions\/1756"}],"up":[{"embeddable":true,"href":"https:\/\/eternaldiamonds.ca\/fr\/wp-json\/wp\/v2\/pages\/1712"}],"wp:attachment":[{"href":"https:\/\/eternaldiamonds.ca\/fr\/wp-json\/wp\/v2\/media?parent=1718"}],"curies":[{"name":"wp","href":"https:\/\/api.w.org\/{rel}","templated":true}]}}