
{"id":1724,"date":"2020-02-11T22:16:50","date_gmt":"2020-02-11T22:16:50","guid":{"rendered":"https:\/\/eternaldiamonds.ca\/?page_id=1724"},"modified":"2020-02-11T22:25:18","modified_gmt":"2020-02-11T22:25:18","slug":"couleur","status":"publish","type":"page","link":"https:\/\/eternaldiamonds.ca\/fr\/diamants\/couleur\/","title":{"rendered":"Couleur"},"content":{"rendered":"<div class=\"std\">\n<div class=\"pro_detail clearfix\">\n<div class=\"proImg_large\"><img loading=\"lazy\" decoding=\"async\" class=\"size-full wp-image-52\" src=\"http:\/\/eternaldiamonds.ca\/wp-content\/uploads\/2019\/02\/color-img.jpg\" alt=\"Couleur\" width=\"253\" height=\"255\" srcset=\"https:\/\/eternaldiamonds.ca\/wp-content\/uploads\/2019\/02\/color-img.jpg 253w, https:\/\/eternaldiamonds.ca\/wp-content\/uploads\/2019\/02\/color-img-100x100.jpg 100w, https:\/\/eternaldiamonds.ca\/wp-content\/uploads\/2019\/02\/color-img-150x150.jpg 150w\" sizes=\"auto, (max-width: 253px) 100vw, 253px\" \/><\/div>\n<div class=\"proDes_full\">\n<h3>Couleur<\/h3>\n<p>Incolore est la meilleure couleur. Les diamants permettent \u00e0 la lumi\u00e8re d&rsquo;\u00eatre refl\u00e9t\u00e9e et dispers\u00e9e comme un arc-en-ciel de couleurs. La dispersion de la lumi\u00e8re, ou flash de couleurs n&rsquo;a aucun effet sur la gradation technique de la couleur. La pierre sans couleur absolue la plus raffin\u00e9e porte un score de D, score qui passe ensuite d&rsquo;une lettre \u00e0 l&rsquo;autre dans l&rsquo;alphabet jusqu&rsquo;\u00e0 la lettre Z et qui d\u00e9signe un diamant de couleur jaune clair, brune ou grise. Cette couleur peut \u00eatre caus\u00e9e par la pr\u00e9sence d&rsquo;\u00e9l\u00e9ments-traces tels que l&rsquo;azote au c\u0153ur du cadre atomique du cristal carbone. Ces \u00e9l\u00e9ments-traces sont si minuscules qu&rsquo;ils sont scientifiquement mesur\u00e9s en partie par millions (ppm). Plus la couleur du corps devient intense, plus le grade pour la couleur descend au bas de l&rsquo;\u00e9chelle. Ces gradations sont si minces et pr\u00e9cises que le discernement d&rsquo;un seul grade (m\u00eame par un expert) dans des conditions de laboratoire moins qu&rsquo;id\u00e9ales est extr\u00eamement difficile. Il est toujours mieux de comparer les diamants grad\u00e9s soit par le Gemological Institute of America (GIA) ou par la American Gem Society (AGS) pour une gradation pr\u00e9cise de la couleur. Lorsque l&rsquo;on compare directement les diamants pour leur couleur, la plupart des consommateurs sont incapables de d\u00e9tecter une diff\u00e9rence, \u00e0 moins que ceux-ci ne soient diff\u00e9rents d&rsquo;au moins deux ou trois grades de couleur. Nous recommandons la s\u00e9lection d&rsquo;un diamant avec un grade de couleur de J ou sup\u00e9rieur. Les diamants grad\u00e9s D, E et F sont plus dispendieux parce qu&rsquo;ils sont plus rares. Toutefois, les diamants bien taill\u00e9s avec une bonne clart\u00e9 de tous les grades de couleur peuvent \u00eatre \u00e9galement \u00e9blouissants compte tenu du fait que ce soit l&rsquo;influence des 4C qui d\u00e9termine la beaut\u00e9 unique de chaque diamant.<\/p>\n<p>Couleurs extravagantes<\/p>\n<p>Il est parfois surprenant d&rsquo;apprendre que les diamants peuvent aussi, par le rare concours de la nature, appara\u00eetre en tons de rose, bleu, vert, ambre ou m\u00eame rouge. Ces rares couleurs sont catalogu\u00e9es comme \u00e9tant extravagantes et sont \u00e9valu\u00e9es selon un ensemble diff\u00e9rent de standards de couleurs. Ces standards prennent en consid\u00e9ration plusieurs facteurs tels que la teinte et la saturation. Les diamants aux couleurs extravagantes sont les plus dispendieux en raison de leur extr\u00eame raret\u00e9. Certaines couleurs extravagantes peuvent co\u00fbter plusieurs centaines de milliers de dollars pour des diamants d&rsquo;un carat ou moins!<\/p>\n<p>Fluorescence<\/p>\n<p>La fluorescence n&rsquo;est pas directement li\u00e9e \u00e0 la couleur d&rsquo;un diamant. Cette caract\u00e9ristique s\u00e9par\u00e9e fait r\u00e9f\u00e9rence \u00e0 la capacit\u00e9 du diamant de devenir fluorescent sous la lumi\u00e8re ultraviolette (UV). Notre soleil \u00e9met un peu de lumi\u00e8re UV, mais celle-ci n&rsquo;est habituellement pas assez bonne pour d\u00e9tecter la fluorescence. La source d&rsquo;UV la plus commune est la lumi\u00e8re noire. Lorsqu&rsquo;expos\u00e9s \u00e0 la lumi\u00e8re UV, plusieurs diamants afficheront une coloration bleue brillante distinctive. Bien que la fluorescence soit affich\u00e9e en plusieurs couleurs, le bleu est la couleur la plus commune pour les diamants. La fluorescence d&rsquo;un diamant est d\u00e9finie par son intensit\u00e9 : aucune, l\u00e9g\u00e8re, moyenne, forte ou tr\u00e8s forte. Bien que la fluorescence soit une caract\u00e9ristique pouvant \u00eatre mesur\u00e9e, elle pose rarement probl\u00e8me lors de la s\u00e9lection d&rsquo;un diamant.<\/p>\n<\/div>\n<\/div>\n<\/div>\n","protected":false},"excerpt":{"rendered":"<p>Couleur Incolore est la meilleure couleur. Les diamants permettent \u00e0 la lumi\u00e8re d&rsquo;\u00eatre refl\u00e9t\u00e9e et dispers\u00e9e comme un arc-en-ciel de couleurs. La dispersion de la lumi\u00e8re, ou flash de couleurs n&rsquo;a aucun effet sur la gradation technique de la couleur. La pierre sans couleur absolue la plus raffin\u00e9e porte un [&hellip;]<\/p>\n","protected":false},"author":4,"featured_media":0,"parent":1712,"menu_order":0,"comment_status":"closed","ping_status":"closed","template":"","meta":{"footnotes":""},"class_list":["post-1724","page","type-page","status-publish","hentry"],"_links":{"self":[{"href":"https:\/\/eternaldiamonds.ca\/fr\/wp-json\/wp\/v2\/pages\/1724","targetHints":{"allow":["GET"]}}],"collection":[{"href":"https:\/\/eternaldiamonds.ca\/fr\/wp-json\/wp\/v2\/pages"}],"about":[{"href":"https:\/\/eternaldiamonds.ca\/fr\/wp-json\/wp\/v2\/types\/page"}],"author":[{"embeddable":true,"href":"https:\/\/eternaldiamonds.ca\/fr\/wp-json\/wp\/v2\/users\/4"}],"replies":[{"embeddable":true,"href":"https:\/\/eternaldiamonds.ca\/fr\/wp-json\/wp\/v2\/comments?post=1724"}],"version-history":[{"count":2,"href":"https:\/\/eternaldiamonds.ca\/fr\/wp-json\/wp\/v2\/pages\/1724\/revisions"}],"predecessor-version":[{"id":1758,"href":"https:\/\/eternaldiamonds.ca\/fr\/wp-json\/wp\/v2\/pages\/1724\/revisions\/1758"}],"up":[{"embeddable":true,"href":"https:\/\/eternaldiamonds.ca\/fr\/wp-json\/wp\/v2\/pages\/1712"}],"wp:attachment":[{"href":"https:\/\/eternaldiamonds.ca\/fr\/wp-json\/wp\/v2\/media?parent=1724"}],"curies":[{"name":"wp","href":"https:\/\/api.w.org\/{rel}","templated":true}]}}