
{"id":1727,"date":"2020-02-11T22:17:21","date_gmt":"2020-02-11T22:17:21","guid":{"rendered":"https:\/\/eternaldiamonds.ca\/?page_id=1727"},"modified":"2020-02-11T22:25:31","modified_gmt":"2020-02-11T22:25:31","slug":"coupe","status":"publish","type":"page","link":"https:\/\/eternaldiamonds.ca\/fr\/diamants\/coupe\/","title":{"rendered":"Coupe"},"content":{"rendered":"<div class=\"page-title category-title\">\n<\/div>\n<div class=\"proImg_large\"><img loading=\"lazy\" decoding=\"async\" class=\"size-full wp-image-53\" src=\"http:\/\/eternaldiamonds.ca\/wp-content\/uploads\/2019\/02\/cut-img.jpg\" alt=\"Coupe\" width=\"253\" height=\"255\" srcset=\"https:\/\/eternaldiamonds.ca\/wp-content\/uploads\/2019\/02\/cut-img.jpg 253w, https:\/\/eternaldiamonds.ca\/wp-content\/uploads\/2019\/02\/cut-img-100x100.jpg 100w, https:\/\/eternaldiamonds.ca\/wp-content\/uploads\/2019\/02\/cut-img-150x150.jpg 150w\" sizes=\"auto, (max-width: 253px) 100vw, 253px\" \/><\/div>\n<div class=\"proDes_full\">\n<h3>Coupe<\/h3>\n<p><img loading=\"lazy\" decoding=\"async\" class=\"alignnone size-full wp-image-56\" src=\"http:\/\/eternaldiamonds.ca\/wp-content\/uploads\/2019\/02\/cutstructure1.jpg\" alt=\"\" width=\"246\" height=\"151\" \/>La coupe d&rsquo;un diamant faire r\u00e9f\u00e9rence \u00e0 ses proportions. Des 4C, la coupe est l&rsquo;aspect le plus directement influenc\u00e9 par l&rsquo;\u00eatre humain. Les trois autres sont dict\u00e9s par la nature.<\/p>\n<p>La capacit\u00e9 d&rsquo;un diamant \u00e0 refl\u00e9ter la lumi\u00e8re d\u00e9termine sa prestance en mati\u00e8re d&rsquo;\u00e9clat et de brillance. Les diamants sont habituellement coup\u00e9s avec 58 facettes ou avec des surfaces planes s\u00e9par\u00e9es. Ces facettes suivent une formule math\u00e9matique et sont plac\u00e9es \u00e0 des angles pr\u00e9cis en lien les uns avec les autres. Cette relation est con\u00e7ue pour maximiser la quantit\u00e9 de lumi\u00e8re refl\u00e9t\u00e9e par le diamant et pour rehausser sa beaut\u00e9.<\/p>\n<\/div>\n<div class=\"two_columne_div\">\n<ul>\n<li><img loading=\"lazy\" decoding=\"async\" class=\"alignnone size-full wp-image-57\" src=\"http:\/\/eternaldiamonds.ca\/wp-content\/uploads\/2019\/02\/cutstructure2.jpg\" alt=\"\" width=\"219\" height=\"159\" \/>Id\u00e9al &#8211; Cette gamme est tr\u00e8s stricte et combine le meilleur en terme de brillance et d&rsquo;\u00e9clat. Techniquement, cette gamme est la premi\u00e8re de sa cat\u00e9gorie.Excellent &#8211; Cette gamme est \u00e9galement d&rsquo;une grande beaut\u00e9, mais pr\u00e9sente tout de m\u00eame un peu moins de flexibilit\u00e9 en ce qui a trait aux pourcentages. Plusieurs experts pr\u00e9f\u00e8rent l&rsquo;apparence de cette gamme \u00e0 celle de la gamme Id\u00e9al.Tr\u00e8s bien &#8211; Cette gamme est \u00e9quilibr\u00e9e entre des proportions pr\u00e9cises et des consid\u00e9rations en mati\u00e8re de prix. Elle est per\u00e7ue globalement comme la meilleure valeur en frais de beaut\u00e9 et de prix.<\/li>\n<li><img loading=\"lazy\" decoding=\"async\" class=\"alignnone size-medium wp-image-58\" src=\"http:\/\/eternaldiamonds.ca\/wp-content\/uploads\/2019\/02\/cutstructure3-300x66.jpg\" alt=\"\" width=\"300\" height=\"66\" srcset=\"https:\/\/eternaldiamonds.ca\/wp-content\/uploads\/2019\/02\/cutstructure3-300x66.jpg 300w, https:\/\/eternaldiamonds.ca\/wp-content\/uploads\/2019\/02\/cutstructure3.jpg 311w\" sizes=\"auto, (max-width: 300px) 100vw, 300px\" \/><b>1<\/b>.1. Bonne coupe &#8211; When a diamond is cut to proper proportions, light is reflected from one facet to another and then dispersed through the top of the stone. Parmi les normes de la gamme Bonne coupe se trouvent les sous-cat\u00e9gories EternalDiamonds.com suivantes : Id\u00e9al, Excellent et Tr\u00e8s bon.2. Coupe profonde- Lorsque la coupe d&rsquo;un diamant est trop profonde, un peu de lumi\u00e8re s&rsquo;\u00e9chappe du c\u00f4t\u00e9 oppos\u00e9 du pavillon.3. Coupe creuse- Lorsque la coupe d&rsquo;un diamant est trop creuse, la lumi\u00e8re s&rsquo;\u00e9chappe par le pavillon avant de pouvoir \u00eatre refl\u00e9t\u00e9e.\n<p>La coupe, ou les proportions d&rsquo;un diamant sont mesur\u00e9es en pourcentages relatifs au diam\u00e8tre de son rondiste. Le diam\u00e8tre du rondiste de chaque diamant est toujours consid\u00e9r\u00e9 comme \u00e9tant 100 %. Exemple : Le rondiste d&rsquo;un diamant mesure 10 millim\u00e8tres (100 %). La table mesure 5,6 millim\u00e8tres. La mesure totale de la profondeur est de 6,1 millim\u00e8tres. Le diamant serait d\u00e9crit comme ayant une table de 56 % et une profondeur de 61 %. Les pourcentages de la table et de la profondeur sont la cl\u00e9 pour d\u00e9terminer de bonnes proportions.<\/p><\/li>\n<\/ul>\n<table class=\"cut_strucure_dtl\" border=\"0\" width=\"100%\" cellspacing=\"0\" cellpadding=\"0\">\n<tbody>\n<tr>\n<th scope=\"row\">Rondeur<\/th>\n<td><img loading=\"lazy\" decoding=\"async\" class=\"alignnone size-full wp-image-59\" src=\"http:\/\/eternaldiamonds.ca\/wp-content\/uploads\/2019\/02\/dia1.jpg\" alt=\"\" width=\"159\" height=\"53\" \/><\/td>\n<td><img loading=\"lazy\" decoding=\"async\" class=\"alignnone size-full wp-image-60\" src=\"http:\/\/eternaldiamonds.ca\/wp-content\/uploads\/2019\/02\/dia1-right.jpg\" alt=\"\" width=\"160\" height=\"56\" \/><\/td>\n<\/tr>\n<tr>\n<th scope=\"row\">\u00c9meraude<\/th>\n<td><img loading=\"lazy\" decoding=\"async\" class=\"alignnone size-full wp-image-61\" src=\"http:\/\/eternaldiamonds.ca\/wp-content\/uploads\/2019\/02\/dia2.jpg\" alt=\"\" width=\"159\" height=\"48\" \/><\/td>\n<td><img loading=\"lazy\" decoding=\"async\" class=\"alignnone size-full wp-image-62\" src=\"http:\/\/eternaldiamonds.ca\/wp-content\/uploads\/2019\/02\/dia2-right.jpg\" alt=\"\" width=\"160\" height=\"50\" \/><\/td>\n<\/tr>\n<tr>\n<th scope=\"row\">Princesse Radiant<\/th>\n<td><img loading=\"lazy\" decoding=\"async\" class=\"alignnone size-full wp-image-67\" src=\"http:\/\/eternaldiamonds.ca\/wp-content\/uploads\/2019\/02\/dia5.jpg\" alt=\"\" width=\"159\" height=\"51\" \/><\/td>\n<td><img loading=\"lazy\" decoding=\"async\" class=\"alignnone size-full wp-image-68\" src=\"http:\/\/eternaldiamonds.ca\/wp-content\/uploads\/2019\/02\/dia5-right.jpg\" alt=\"\" width=\"160\" height=\"52\" \/><\/td>\n<\/tr>\n<tr>\n<th scope=\"row\">Poire Marquise<\/th>\n<td><\/td>\n<td><\/td>\n<\/tr>\n<tr>\n<th scope=\"row\">Ovale<\/th>\n<td><\/td>\n<td><img loading=\"lazy\" decoding=\"async\" class=\"alignnone size-full wp-image-69\" src=\"http:\/\/eternaldiamonds.ca\/wp-content\/uploads\/2019\/02\/dia7-right.jpg\" alt=\"\" width=\"160\" height=\"49\" \/><\/td>\n<\/tr>\n<\/tbody>\n<\/table>\n<p>Cette caract\u00e9ristique fait r\u00e9f\u00e9rence \u00e0 la finition ou au polissage final des facettes ou des surfaces planes. Contrairement \u00e0 la croyance populaire, les diamants sont rectifi\u00e9s et polis, et non pas taill\u00e9s, jusqu&rsquo;\u00e0 ce qu&rsquo;ils atteignent leur forme finale. Chaque facette doit \u00eatre soigneusement \u00e9labor\u00e9e par le coupeur de diamant pour briller et \u00eatre libre d&rsquo;imperfections dues au polissage. Le poli d&rsquo;un diamant est g\u00e9n\u00e9ralement d\u00e9fini comme \u00e9tant Mauvais, Moyen, Bien, Tr\u00e8s bien ou Excellent. Lors de l&rsquo;achat d&rsquo;un diamant, s\u00e9lectionnez-en un dot\u00e9 d&rsquo;un grade de polissage Bon ou sup\u00e9rieur.<\/p>\n<h3>Sym\u00e9trie<\/h3>\n<p>Cette caract\u00e9ristique fait r\u00e9f\u00e9rence \u00e0 l&rsquo;alignement et au positionnement des facettes ou des surfaces planes. Chaque facette devrait \u00eatre soigneusement positionn\u00e9e par le coupeur de diamant selon des proportions appropri\u00e9es et en lien avec les autres facettes. L&rsquo;alignement de chaque facette devrait \u00eatre net et pr\u00e9cis; des jonctions de facettes mal li\u00e9es peuvent donner une apparence in\u00e9gale \u00e0 un diamant. La sym\u00e9trie d&rsquo;un diamant est g\u00e9n\u00e9ralement d\u00e9finie comme \u00e9tant Mauvaise, Moyenne, Bien, Tr\u00e8s bien ou Excellente. Lors de l&rsquo;achat d&rsquo;un diamant, s\u00e9lectionnez-en un dot\u00e9 d&rsquo;un grade de sym\u00e9trie Bon ou sup\u00e9rieur.<\/p><\/div>\n","protected":false},"excerpt":{"rendered":"<p>Coupe La coupe d&rsquo;un diamant faire r\u00e9f\u00e9rence \u00e0 ses proportions. Des 4C, la coupe est l&rsquo;aspect le plus directement influenc\u00e9 par l&rsquo;\u00eatre humain. Les trois autres sont dict\u00e9s par la nature. La capacit\u00e9 d&rsquo;un diamant \u00e0 refl\u00e9ter la lumi\u00e8re d\u00e9termine sa prestance en mati\u00e8re d&rsquo;\u00e9clat et de brillance. Les diamants [&hellip;]<\/p>\n","protected":false},"author":4,"featured_media":0,"parent":1712,"menu_order":0,"comment_status":"closed","ping_status":"closed","template":"","meta":{"footnotes":""},"class_list":["post-1727","page","type-page","status-publish","hentry"],"_links":{"self":[{"href":"https:\/\/eternaldiamonds.ca\/fr\/wp-json\/wp\/v2\/pages\/1727","targetHints":{"allow":["GET"]}}],"collection":[{"href":"https:\/\/eternaldiamonds.ca\/fr\/wp-json\/wp\/v2\/pages"}],"about":[{"href":"https:\/\/eternaldiamonds.ca\/fr\/wp-json\/wp\/v2\/types\/page"}],"author":[{"embeddable":true,"href":"https:\/\/eternaldiamonds.ca\/fr\/wp-json\/wp\/v2\/users\/4"}],"replies":[{"embeddable":true,"href":"https:\/\/eternaldiamonds.ca\/fr\/wp-json\/wp\/v2\/comments?post=1727"}],"version-history":[{"count":3,"href":"https:\/\/eternaldiamonds.ca\/fr\/wp-json\/wp\/v2\/pages\/1727\/revisions"}],"predecessor-version":[{"id":1759,"href":"https:\/\/eternaldiamonds.ca\/fr\/wp-json\/wp\/v2\/pages\/1727\/revisions\/1759"}],"up":[{"embeddable":true,"href":"https:\/\/eternaldiamonds.ca\/fr\/wp-json\/wp\/v2\/pages\/1712"}],"wp:attachment":[{"href":"https:\/\/eternaldiamonds.ca\/fr\/wp-json\/wp\/v2\/media?parent=1727"}],"curies":[{"name":"wp","href":"https:\/\/api.w.org\/{rel}","templated":true}]}}