
{"id":1733,"date":"2020-02-11T22:18:36","date_gmt":"2020-02-11T22:18:36","guid":{"rendered":"https:\/\/eternaldiamonds.ca\/?page_id=1733"},"modified":"2020-02-11T22:18:36","modified_gmt":"2020-02-11T22:18:36","slug":"design","status":"publish","type":"page","link":"https:\/\/eternaldiamonds.ca\/fr\/design\/","title":{"rendered":"Design"},"content":{"rendered":"<h3>Design<\/h3>\n<p>Au cours de l&rsquo;histoire, le design a jou\u00e9 un r\u00f4le important au sein de la soci\u00e9t\u00e9. De la beaut\u00e9 \u00e0 la r\u00e9bellion, le design a refl\u00e9t\u00e9 les \u00e9motions et les opinions des gens. Le design n&rsquo;est pas statique. Le design est fluide, existant dans un \u00e9tat constant de changement. Comme l&rsquo;indique la nature \u00e9volutive et souvent changeante de tout design, les bijoux tr\u00f4nent au sommet de notre expression personnelle. Le design le plus durable doit incorporer un \u00e9l\u00e9ment de simplicit\u00e9 et de style. Une magnifique pi\u00e8ce de bijou qui n&rsquo;est pas confortable sera rarement port\u00e9e. Lorsque l&rsquo;on parle de design, on peut prendre quelques risques, mais on doit s\u00e9lectionner le bijou qui authentifiera votre mode de vie et votre personnalit\u00e9.<\/p>\n<h3>Or<\/h3>\n<p>Recherch\u00e9 par les explorateurs, cet \u00e9l\u00e9ment est le m\u00e9tal le plus largement d\u00e9sir\u00e9 dans le cadre de la fabrication de bijoux modernes. L&rsquo;or, dont le symbole atomique est Au sur le tableau p\u00e9riodique des \u00e9l\u00e9ments, est de couleur jaune au naturel. La gravit\u00e9 sp\u00e9cifique de l&rsquo;or est de 19,3+, ce qui est quelque peu lourd pour des min\u00e9raux m\u00e9talliques. L&rsquo;une des qualit\u00e9s de l&rsquo;or est qu&rsquo;il est facilement mall\u00e9able en plusieurs formes. Ceci en a fait un choix de premier plan pour les artisans en bijouterie de si\u00e8cle en si\u00e8cle. L&rsquo;or dans sa forme la plus pure est d\u00e9fini comme poss\u00e9dant 24 carats. L&rsquo;or pur est trop mou pour la plupart des usages en bijouterie; il est donc m\u00e9lang\u00e9, ou alli\u00e9, \u00e0 d&rsquo;autres m\u00e9taux pour alt\u00e9rer ses propri\u00e9t\u00e9s et sa couleur. Il est commun de voir des bijoux en or de 18 ou 14 ct. Ceci repr\u00e9sente un alliage contenant 18\/24 ou 14\/24 parties d&rsquo;or dans le m\u00e9lange global. Cette valeur peut \u00e9galement \u00eatre exprim\u00e9e en pourcentages de puret\u00e9 de 75% pour 18 ct et 58,33% pour 14 ct.<\/p>\n<h3>Platine<\/h3>\n<p>Le platine, dont le symbole atomique est Pt sur le tableau p\u00e9riodique des \u00e9l\u00e9ments, est de couleur grise ou argent\u00e9e au naturel. La gravit\u00e9 sp\u00e9cifique du platine est de 21,5, ce qui est plus lourd que l&rsquo;or. Le platine pour la bijouterie, par opposition \u00e0 l&rsquo;or, est utilis\u00e9 sous la forme d&rsquo;un alliage presque pur, ce qui en fait une pi\u00e8ce beaucoup plus lourde que pour le m\u00eame design fait avec de l&rsquo;or. Le platine est facilement mall\u00e9able en plusieurs formes et il est habituellement m\u00e9lang\u00e9, ou alli\u00e9, avec d&rsquo;autres m\u00e9taux tels que l&rsquo;or, le nickel, l&rsquo;iridium, le palladium, le rhodium ou le ruth\u00e9nium pour alt\u00e9rer ses propri\u00e9t\u00e9s. Le platine co\u00fbtera approximativement 2 \u00e0 4 fois aussi cher que pour la m\u00eame pi\u00e8ce de bijou fabriqu\u00e9e avec de l&rsquo;or. Ceci est d\u00fb \u00e0 la densit\u00e9 du platine ainsi qu&rsquo;\u00e0 la chaleur et aux techniques extr\u00eames requises pour sa fabrication.<\/p>\n<h3>Entretien<\/h3>\n<p>Bien que les diamants soient la substance la plus dure qui soit, il est possible de les endommager en l&rsquo;absence de soins appropri\u00e9s.<\/p>\n<p><strong>Entreposage &#8211;<\/strong>\u00a0Il est pr\u00e9f\u00e9rable d&rsquo;entreposer vos bijoux en diamants s\u00e9par\u00e9ment. Nous sugg\u00e9rons d&rsquo;utiliser des \u00e9tuis \u00e0 bijoux individuels, des \u00e9tuis en \u00e9toffe ou des bo\u00eetes \u00e0 bijoux doubl\u00e9es de tissu avec des diviseurs et des compartiments s\u00e9par\u00e9s. Vos diamants et vos bijoux peuvent \u00eatre \u00e9gratign\u00e9s ou endommag\u00e9s lorsqu&rsquo;ils ne sont pas entrepos\u00e9s de fa\u00e7on appropri\u00e9e et lorsqu&rsquo;ils sont mis en contact avec d&rsquo;autres bijoux.<\/p>\n<p><strong>Nettoyage &#8211;<\/strong>\u00a0Des lotions, savons, poudres, parfums et vaporisateurs pour cheveux sont de bons m\u00e9diums d&#8217;emp\u00eachement st\u00e9rique pour les bijoux magnifiques et brillants. Assurez-vous que votre peau ne pr\u00e9sente aucun de ces produits avant de mettre vos bijoux. De temps \u00e0 autre, vous pouvez nettoyer vos bijoux en diamants \u00e0 la maison. Contrairement \u00e0 la croyance populaire, le dentifrice n&rsquo;est pas recommand\u00e9. Les abrasifs pr\u00e9sents dans le dentifrice terniront subtilement le m\u00e9tal de votre monture.<\/p>\n<p>Il est pr\u00e9f\u00e9rable de pr\u00e9parer une solution d&rsquo;une part d&rsquo;ammoniaque (ou de M. Net) pour quatre parts d&rsquo;eau ti\u00e8de. Ajoutez une petite quantit\u00e9 de savon liquide doux pour les mains. Laissez tremper vos bijoux pendant environ 10 minutes. Frottez doucement les bijoux avec une brosse \u00e0 dents neuve souple que vous utiliserez pour le nettoyage de vos bijoux uniquement. Trempez les bijoux dans la solution de fa\u00e7on r\u00e9p\u00e9t\u00e9e, puis rincez-les \u00e0 l&rsquo;eau chaude du robinet. Ass\u00e9chez les bijoux en les tapotant avec un linge non pelucheux.<\/p>\n<p><strong>Entretien prolong\u00e9 &#8211;<\/strong>\u00a0Les bijoux ne devraient jamais \u00eatre port\u00e9s lors de la pratique d&rsquo;activit\u00e9s sportives ou de travaux lourds. Les diamants pourraient \u00eatre endommag\u00e9s par un trop grand impact. Les bijoux peuvent \u00eatre endommag\u00e9s ou bris\u00e9s au cours d&rsquo;activit\u00e9s ardues. Ne laissez pas vos bijoux en or entrer en contact avec des produits chimiques forts tels que le chlore et le javellisant. Retirez vos bijoux avant d&rsquo;entrer dans une piscine ou un spa. Une exposition r\u00e9p\u00e9t\u00e9e \u00e0 une quantit\u00e9 m\u00eame infime de ces produits chimiques a un effet cumulatif faisant en sorte que l&rsquo;or devienne cassant et susceptible de se briser ou de rompre.<\/p>\n<p><strong>Inspection &#8211;<\/strong>\u00a0Faites inspecter vos bijoux par un professionnel au moins une fois par ann\u00e9e. Vos bijoux devraient \u00eatre v\u00e9rifi\u00e9s pour toute trace de pierres l\u00e2ches, de broches pli\u00e9es ou de signes d&rsquo;usure. Il peut \u00eatre une bonne id\u00e9e de faire nettoyer vos bijoux par un professionnel au moment de l&rsquo;inspection.<\/p>\n","protected":false},"excerpt":{"rendered":"<p>Design Au cours de l&rsquo;histoire, le design a jou\u00e9 un r\u00f4le important au sein de la soci\u00e9t\u00e9. De la beaut\u00e9 \u00e0 la r\u00e9bellion, le design a refl\u00e9t\u00e9 les \u00e9motions et les opinions des gens. Le design n&rsquo;est pas statique. Le design est fluide, existant dans un \u00e9tat constant de changement. [&hellip;]<\/p>\n","protected":false},"author":4,"featured_media":0,"parent":0,"menu_order":0,"comment_status":"closed","ping_status":"closed","template":"","meta":{"footnotes":""},"class_list":["post-1733","page","type-page","status-publish","hentry"],"_links":{"self":[{"href":"https:\/\/eternaldiamonds.ca\/fr\/wp-json\/wp\/v2\/pages\/1733","targetHints":{"allow":["GET"]}}],"collection":[{"href":"https:\/\/eternaldiamonds.ca\/fr\/wp-json\/wp\/v2\/pages"}],"about":[{"href":"https:\/\/eternaldiamonds.ca\/fr\/wp-json\/wp\/v2\/types\/page"}],"author":[{"embeddable":true,"href":"https:\/\/eternaldiamonds.ca\/fr\/wp-json\/wp\/v2\/users\/4"}],"replies":[{"embeddable":true,"href":"https:\/\/eternaldiamonds.ca\/fr\/wp-json\/wp\/v2\/comments?post=1733"}],"version-history":[{"count":1,"href":"https:\/\/eternaldiamonds.ca\/fr\/wp-json\/wp\/v2\/pages\/1733\/revisions"}],"predecessor-version":[{"id":1734,"href":"https:\/\/eternaldiamonds.ca\/fr\/wp-json\/wp\/v2\/pages\/1733\/revisions\/1734"}],"wp:attachment":[{"href":"https:\/\/eternaldiamonds.ca\/fr\/wp-json\/wp\/v2\/media?parent=1733"}],"curies":[{"name":"wp","href":"https:\/\/api.w.org\/{rel}","templated":true}]}}