
{"id":1736,"date":"2020-02-11T22:19:04","date_gmt":"2020-02-11T22:19:04","guid":{"rendered":"https:\/\/eternaldiamonds.ca\/?page_id=1736"},"modified":"2020-02-11T22:19:04","modified_gmt":"2020-02-11T22:19:04","slug":"bijoux-en-diamants","status":"publish","type":"page","link":"https:\/\/eternaldiamonds.ca\/fr\/bijoux-en-diamants\/","title":{"rendered":"BIJOUX EN DIAMANTS"},"content":{"rendered":"<h1>BIJOUX EN DIAMANTS<\/h1>\n<p>Le diamant, la plus mystique et la plus historique des pierres pr\u00e9cieuses, est ind\u00e9niablement l&rsquo;un des amis les plus pr\u00e9cieux de la femme; cela est sans doute d\u00fb au fait qu&rsquo;il existe une intimit\u00e9 tacite et subtile entre une femme et ses bijoux en diamants.<\/p>\n<p>Vous trouverez ci-dessous certains des designs modernes les plus aguichants en mati\u00e8re de bijoux en diamants.<\/p>\n<h2>BIJOUX EN DIAMANTS<\/h2>\n\n\t\t<style type=\"text\/css\">\n\t\t\t#gallery-1 {\n\t\t\t\tmargin: auto;\n\t\t\t}\n\t\t\t#gallery-1 .gallery-item {\n\t\t\t\tfloat: left;\n\t\t\t\tmargin-top: 10px;\n\t\t\t\ttext-align: center;\n\t\t\t\twidth: 33%;\n\t\t\t}\n\t\t\t#gallery-1 img {\n\t\t\t\tborder: 2px solid #cfcfcf;\n\t\t\t}\n\t\t\t#gallery-1 .gallery-caption {\n\t\t\t\tmargin-left: 0;\n\t\t\t}\n\t\t\t\/* see gallery_shortcode() in wp-includes\/media.php *\/\n\t\t<\/style>\n\t\t<div id='gallery-1' class='gallery galleryid-1736 gallery-columns-3 gallery-size-thumbnail'><dl class='gallery-item'>\n\t\t\t<dt class='gallery-icon landscape'>\n\t\t\t\t<a href='https:\/\/eternaldiamonds.ca\/fr\/bijoux-en-diamants\/earrings\/jewellry-img1-large_1\/'><img loading=\"lazy\" decoding=\"async\" width=\"150\" height=\"150\" src=\"https:\/\/eternaldiamonds.ca\/wp-content\/uploads\/2019\/02\/jewellry-img1-large_1-150x150.jpg\" class=\"attachment-thumbnail size-thumbnail\" alt=\"\" aria-describedby=\"gallery-1-1594\" srcset=\"https:\/\/eternaldiamonds.ca\/wp-content\/uploads\/2019\/02\/jewellry-img1-large_1-150x150.jpg 150w, https:\/\/eternaldiamonds.ca\/wp-content\/uploads\/2019\/02\/jewellry-img1-large_1-100x100.jpg 100w\" sizes=\"auto, (max-width: 150px) 100vw, 150px\" \/><\/a>\n\t\t\t<\/dt>\n\t\t\t\t<dd class='wp-caption-text gallery-caption' id='gallery-1-1594'>\n\t\t\t\tEarrings\n\t\t\t\t<\/dd><\/dl><dl class='gallery-item'>\n\t\t\t<dt class='gallery-icon landscape'>\n\t\t\t\t<a href='https:\/\/eternaldiamonds.ca\/fr\/bijoux-en-diamants\/colliers-solitares\/jewellry-img2-large_1\/'><img loading=\"lazy\" decoding=\"async\" width=\"150\" height=\"150\" src=\"https:\/\/eternaldiamonds.ca\/wp-content\/uploads\/2019\/02\/jewellry-img2-large_1-150x150.jpg\" class=\"attachment-thumbnail size-thumbnail\" alt=\"\" aria-describedby=\"gallery-1-1595\" srcset=\"https:\/\/eternaldiamonds.ca\/wp-content\/uploads\/2019\/02\/jewellry-img2-large_1-150x150.jpg 150w, https:\/\/eternaldiamonds.ca\/wp-content\/uploads\/2019\/02\/jewellry-img2-large_1-100x100.jpg 100w\" sizes=\"auto, (max-width: 150px) 100vw, 150px\" \/><\/a>\n\t\t\t<\/dt>\n\t\t\t\t<dd class='wp-caption-text gallery-caption' id='gallery-1-1595'>\n\t\t\t\tSolitaire Necklaces\n\t\t\t\t<\/dd><\/dl><dl class='gallery-item'>\n\t\t\t<dt class='gallery-icon landscape'>\n\t\t\t\t<a href='https:\/\/eternaldiamonds.ca\/fr\/bijoux-en-diamants\/bracelets-de-tennis\/jewellry-img3-large_1\/'><img loading=\"lazy\" decoding=\"async\" width=\"150\" height=\"150\" src=\"https:\/\/eternaldiamonds.ca\/wp-content\/uploads\/2019\/02\/jewellry-img3-large_1-150x150.jpg\" class=\"attachment-thumbnail size-thumbnail\" alt=\"\" aria-describedby=\"gallery-1-1596\" srcset=\"https:\/\/eternaldiamonds.ca\/wp-content\/uploads\/2019\/02\/jewellry-img3-large_1-150x150.jpg 150w, https:\/\/eternaldiamonds.ca\/wp-content\/uploads\/2019\/02\/jewellry-img3-large_1-100x100.jpg 100w\" sizes=\"auto, (max-width: 150px) 100vw, 150px\" \/><\/a>\n\t\t\t<\/dt>\n\t\t\t\t<dd class='wp-caption-text gallery-caption' id='gallery-1-1596'>\n\t\t\t\tTennis Bracelets\n\t\t\t\t<\/dd><\/dl><br style=\"clear: both\" \/>\n\t\t<\/div>\n\n","protected":false},"excerpt":{"rendered":"<p>BIJOUX EN DIAMANTS Le diamant, la plus mystique et la plus historique des pierres pr\u00e9cieuses, est ind\u00e9niablement l&rsquo;un des amis les plus pr\u00e9cieux de la femme; cela est sans doute d\u00fb au fait qu&rsquo;il existe une intimit\u00e9 tacite et subtile entre une femme et ses bijoux en diamants. Vous trouverez [&hellip;]<\/p>\n","protected":false},"author":4,"featured_media":0,"parent":0,"menu_order":0,"comment_status":"closed","ping_status":"closed","template":"","meta":{"footnotes":""},"class_list":["post-1736","page","type-page","status-publish","hentry"],"_links":{"self":[{"href":"https:\/\/eternaldiamonds.ca\/fr\/wp-json\/wp\/v2\/pages\/1736","targetHints":{"allow":["GET"]}}],"collection":[{"href":"https:\/\/eternaldiamonds.ca\/fr\/wp-json\/wp\/v2\/pages"}],"about":[{"href":"https:\/\/eternaldiamonds.ca\/fr\/wp-json\/wp\/v2\/types\/page"}],"author":[{"embeddable":true,"href":"https:\/\/eternaldiamonds.ca\/fr\/wp-json\/wp\/v2\/users\/4"}],"replies":[{"embeddable":true,"href":"https:\/\/eternaldiamonds.ca\/fr\/wp-json\/wp\/v2\/comments?post=1736"}],"version-history":[{"count":1,"href":"https:\/\/eternaldiamonds.ca\/fr\/wp-json\/wp\/v2\/pages\/1736\/revisions"}],"predecessor-version":[{"id":1737,"href":"https:\/\/eternaldiamonds.ca\/fr\/wp-json\/wp\/v2\/pages\/1736\/revisions\/1737"}],"wp:attachment":[{"href":"https:\/\/eternaldiamonds.ca\/fr\/wp-json\/wp\/v2\/media?parent=1736"}],"curies":[{"name":"wp","href":"https:\/\/api.w.org\/{rel}","templated":true}]}}