
{"id":1739,"date":"2020-02-11T22:19:33","date_gmt":"2020-02-11T22:19:33","guid":{"rendered":"https:\/\/eternaldiamonds.ca\/?page_id=1739"},"modified":"2020-02-11T22:19:33","modified_gmt":"2020-02-11T22:19:33","slug":"colliers-solitares","status":"publish","type":"page","link":"https:\/\/eternaldiamonds.ca\/fr\/bijoux-en-diamants\/colliers-solitares\/","title":{"rendered":"Colliers Solitares"},"content":{"rendered":"<div class=\"page-title category-title\">\n<h1>Colliers Solitares<\/h1>\n<\/div>\n<p class=\"category-image\"><img loading=\"lazy\" decoding=\"async\" class=\"size-medium wp-image-38\" src=\"http:\/\/eternaldiamonds.ca\/wp-content\/uploads\/2019\/02\/jewellry-img2-large_1-300x263.jpg\" alt=\"Solitaire Necklaces\" width=\"300\" height=\"263\" srcset=\"https:\/\/eternaldiamonds.ca\/wp-content\/uploads\/2019\/02\/jewellry-img2-large_1-300x263.jpg 300w, https:\/\/eternaldiamonds.ca\/wp-content\/uploads\/2019\/02\/jewellry-img2-large_1.jpg 320w\" sizes=\"auto, (max-width: 300px) 100vw, 300px\" \/><\/p>\n<p>Il existe peu de pi\u00e8ces de bijoux qui peuvent vous couper le souffle comme un collier en diamants solitaire. Gracieux et \u00e9l\u00e9gant, le collier en diamant solitaire a un look spectaculaire, peu importe ce que vous portez en compl\u00e9ment.<\/p>\n<p>Bijou en diamants \u00abclassique \u00bb, le collier en diamants solitaire poss\u00e8de l&rsquo;un des designs les plus classiques et les plus intemporels qui soient: simple, \u00e9l\u00e9gant et portable. En fait, la question \u00e0 se poser n&rsquo;est pas \u00abQue puis-je porte avec ce collier?\u00bb, mais bien \u00abVais-je m\u00eame pouvoir l&rsquo;enlever un jour?\u00bb<\/p>\n<p>Pour de plus amples renseignements sur notre s\u00e9lection de colliers de diamants solitaires, veuillez communiquer avec nous par <a href=\"https:\/\/web.archive.org\/web\/20140725110026\/mailto:info@eternaldiamonds.ca\">courriel<\/a> ou nous t\u00e9l\u00e9phoner au (514) 393-3426.<\/p>\n","protected":false},"excerpt":{"rendered":"<p>Colliers Solitares Il existe peu de pi\u00e8ces de bijoux qui peuvent vous couper le souffle comme un collier en diamants solitaire. Gracieux et \u00e9l\u00e9gant, le collier en diamant solitaire a un look spectaculaire, peu importe ce que vous portez en compl\u00e9ment. Bijou en diamants \u00abclassique \u00bb, le collier en diamants [&hellip;]<\/p>\n","protected":false},"author":4,"featured_media":0,"parent":1736,"menu_order":0,"comment_status":"closed","ping_status":"closed","template":"","meta":{"footnotes":""},"class_list":["post-1739","page","type-page","status-publish","hentry"],"_links":{"self":[{"href":"https:\/\/eternaldiamonds.ca\/fr\/wp-json\/wp\/v2\/pages\/1739","targetHints":{"allow":["GET"]}}],"collection":[{"href":"https:\/\/eternaldiamonds.ca\/fr\/wp-json\/wp\/v2\/pages"}],"about":[{"href":"https:\/\/eternaldiamonds.ca\/fr\/wp-json\/wp\/v2\/types\/page"}],"author":[{"embeddable":true,"href":"https:\/\/eternaldiamonds.ca\/fr\/wp-json\/wp\/v2\/users\/4"}],"replies":[{"embeddable":true,"href":"https:\/\/eternaldiamonds.ca\/fr\/wp-json\/wp\/v2\/comments?post=1739"}],"version-history":[{"count":1,"href":"https:\/\/eternaldiamonds.ca\/fr\/wp-json\/wp\/v2\/pages\/1739\/revisions"}],"predecessor-version":[{"id":1740,"href":"https:\/\/eternaldiamonds.ca\/fr\/wp-json\/wp\/v2\/pages\/1739\/revisions\/1740"}],"up":[{"embeddable":true,"href":"https:\/\/eternaldiamonds.ca\/fr\/wp-json\/wp\/v2\/pages\/1736"}],"wp:attachment":[{"href":"https:\/\/eternaldiamonds.ca\/fr\/wp-json\/wp\/v2\/media?parent=1739"}],"curies":[{"name":"wp","href":"https:\/\/api.w.org\/{rel}","templated":true}]}}