
{"id":1748,"date":"2020-02-11T22:20:57","date_gmt":"2020-02-11T22:20:57","guid":{"rendered":"https:\/\/eternaldiamonds.ca\/?page_id=1748"},"modified":"2020-02-11T22:20:57","modified_gmt":"2020-02-11T22:20:57","slug":"bracelets-de-tennis","status":"publish","type":"page","link":"https:\/\/eternaldiamonds.ca\/fr\/bijoux-en-diamants\/bracelets-de-tennis\/","title":{"rendered":"Bracelets de tennis"},"content":{"rendered":"<div class=\"page-title category-title\">\n<h1>Bracelets de tennis<\/h1>\n<\/div>\n<p class=\"category-image\"><img loading=\"lazy\" decoding=\"async\" class=\"size-medium wp-image-39\" src=\"http:\/\/eternaldiamonds.ca\/wp-content\/uploads\/2019\/02\/jewellry-img3-large_1-300x263.jpg\" alt=\"Tennis Bracelets\" width=\"300\" height=\"263\" srcset=\"https:\/\/eternaldiamonds.ca\/wp-content\/uploads\/2019\/02\/jewellry-img3-large_1-300x263.jpg 300w, https:\/\/eternaldiamonds.ca\/wp-content\/uploads\/2019\/02\/jewellry-img3-large_1.jpg 320w\" sizes=\"auto, (max-width: 300px) 100vw, 300px\" \/><\/p>\n<div class=\"category-description std\">\n<p>Courbes fluides. Lignes \u00e9l\u00e9gantes. Rien au monde ne m\u00e9rite plus de porter une ligne infinie de diamants que la courbe continue et d\u00e9licate du poignet d&rsquo;une femme.<\/p>\n<p>Voici le bracelet droit en diamants.<\/p>\n<p>Des VH1 Vogue Fashion Awards \u00e0 une simple soir\u00e9e au cin\u00e9ma, le bracelet droit en diamants est con\u00e7u pour franchir le seuil entre la haute couture et les v\u00eatements sophistiqu\u00e9s de tous les jours. Qui a dit que la mode ne pouvait pas \u00eatre aussi polyvalente qu&rsquo;intemporelle?<\/p>\n<p>Pour de plus amples renseignements sur notre s\u00e9lection de bracelets droits en diamants, veuillez communiquer avec nous par <a href=\"https:\/\/web.archive.org\/web\/20140725181449\/mailto:info@eternaldiamonds.ca\">courriel<\/a> ou nous t\u00e9l\u00e9phoner au (514) 393-3426.<\/p>\n<\/div>\n","protected":false},"excerpt":{"rendered":"<p>Bracelets de tennis Courbes fluides. Lignes \u00e9l\u00e9gantes. Rien au monde ne m\u00e9rite plus de porter une ligne infinie de diamants que la courbe continue et d\u00e9licate du poignet d&rsquo;une femme. Voici le bracelet droit en diamants. Des VH1 Vogue Fashion Awards \u00e0 une simple soir\u00e9e au cin\u00e9ma, le bracelet droit [&hellip;]<\/p>\n","protected":false},"author":4,"featured_media":0,"parent":1736,"menu_order":0,"comment_status":"closed","ping_status":"closed","template":"","meta":{"footnotes":""},"class_list":["post-1748","page","type-page","status-publish","hentry"],"_links":{"self":[{"href":"https:\/\/eternaldiamonds.ca\/fr\/wp-json\/wp\/v2\/pages\/1748","targetHints":{"allow":["GET"]}}],"collection":[{"href":"https:\/\/eternaldiamonds.ca\/fr\/wp-json\/wp\/v2\/pages"}],"about":[{"href":"https:\/\/eternaldiamonds.ca\/fr\/wp-json\/wp\/v2\/types\/page"}],"author":[{"embeddable":true,"href":"https:\/\/eternaldiamonds.ca\/fr\/wp-json\/wp\/v2\/users\/4"}],"replies":[{"embeddable":true,"href":"https:\/\/eternaldiamonds.ca\/fr\/wp-json\/wp\/v2\/comments?post=1748"}],"version-history":[{"count":1,"href":"https:\/\/eternaldiamonds.ca\/fr\/wp-json\/wp\/v2\/pages\/1748\/revisions"}],"predecessor-version":[{"id":1749,"href":"https:\/\/eternaldiamonds.ca\/fr\/wp-json\/wp\/v2\/pages\/1748\/revisions\/1749"}],"up":[{"embeddable":true,"href":"https:\/\/eternaldiamonds.ca\/fr\/wp-json\/wp\/v2\/pages\/1736"}],"wp:attachment":[{"href":"https:\/\/eternaldiamonds.ca\/fr\/wp-json\/wp\/v2\/media?parent=1748"}],"curies":[{"name":"wp","href":"https:\/\/api.w.org\/{rel}","templated":true}]}}