
{"id":1751,"date":"2020-02-11T22:21:50","date_gmt":"2020-02-11T22:21:50","guid":{"rendered":"https:\/\/eternaldiamonds.ca\/?page_id=1751"},"modified":"2020-02-11T22:21:50","modified_gmt":"2020-02-11T22:21:50","slug":"politique-de-confidentialite","status":"publish","type":"page","link":"https:\/\/eternaldiamonds.ca\/fr\/politique-de-confidentialite\/","title":{"rendered":"Politique de confidentialit\u00e9"},"content":{"rendered":"<p>{:}{:fr}<\/p>\n<div class=\"std\">\n<h1>Politique de confidentialit\u00e9<\/h1>\n<p>S&rsquo;IL VOUS PLA\u00ceT NOTE: LES CHANGEMENTS politique de confidentialit\u00e9 de temps \u00e0 autre et CHANGEMENTS SONT EN VIGUEUR DE LA PUBLICATION. S&rsquo;IL VOUS PLA\u00ceT VOIR souvent pour des COMME IL EST DE VOTRE ENTI\u00c8RE RESPONSABILIT\u00c9 DE PRENDRE CONNAISSANCE DES CHANGEMENTS. ETERNAL DIAMONDS NE FOURNIT AVIS DE CHANGEMENT DE TOUTE AUTRE MANIERE QUE en affichant les changements sur ce site Web. SI VOUS N&rsquo;\u00caTES PAS D&rsquo;ACCORD AVEC LES TERMES DE CETTE POLITIQUE DE CONFIDENTIALIT\u00c9 VEUILLEZ NE PAS FOURNIR D&rsquo;INFORMATIONS A ETERNAL DIAMONDS OU L&rsquo;UTILISATION OU L&rsquo;AUTRE DES SERVICES OU DES PRODUITS OFFERTS OU FOURNIS SUR UNE DES SITES WEB VIS\u00c9ES \u00c0 CETTE POLITIQUE DE CONFIDENTIALIT\u00c9. Cette politique s&rsquo;applique \u00e0 la collecte Eternal Diamonds, l&rsquo;utilisation, le stockage et la divulgation de renseignements par Eternal Diamonds sur ses (a) des sites Web, y compris toutes ses divisions, filiales et soci\u00e9t\u00e9s apparent\u00e9es (collectivement, les \u00absites Web\u00bb), (b) sur diverses sites Web de tiers, et (c) \u00e0 Eternal Diamonds renseignements aux m\u00e9dias Agence de la collecte d&rsquo;autres, y compris l&rsquo;achat de listes de clients \u00e0 des tiers. Eternal Diamonds est responsable de la collecte de l&rsquo;information ou des pratiques de confidentialit\u00e9 des sites tiers ou des applications.<\/p>\n<h2>1.\tCOLLECTE DE RENSEIGNEMENTS.<\/h2>\n<h3>1.1 Renseignements sur le sondage.<\/h3>\n<p>Eternal Diamonds recueille des informations aupr\u00e8s des personnes par diverses m\u00e9thodes, y compris, mais sans s&rsquo;y limiter, lorsqu&rsquo;une personne remplit volontairement une enqu\u00eate de Eternal Diamonds, bon de commande, ou une page d&rsquo;inscription en ligne ou hors ligne, ou par le biais de sondages en ligne ou hors ligne, bons de commande ou des pages d&rsquo;inscription exploit\u00e9s par des tiers (collectivement, une \u00abenqu\u00eate\u00bb). (Tel qu&rsquo;utilis\u00e9 ici, \u00ab\u00a0en ligne\u00a0\u00bb signifie l&rsquo;utilisation d&rsquo;Internet, y compris les sites Internet et les technologies connexes, et \u00ab\u00a0hors ligne\u00a0\u00bb par des moyens autres que les m\u00e9thodes en ligne, y compris en personne, par la poste, en utilisant les t\u00e9l\u00e9phones et les t\u00e9l\u00e9phones cellulaires et autres semblables moyens.) dans les sondages, Eternal Diamonds ou d&rsquo;un tiers (un \u00abTiers\u00bb) peut demander \u00e0 une personne de fournir diverses informations \u00e0 Eternal Diamonds, qui peut inclure son nom, son adresse \u00e9lectronique, adresse postale, code postal , num\u00e9ros de t\u00e9l\u00e9phone (y compris les num\u00e9ros de t\u00e9l\u00e9phone cellulaire et transporteurs), date de naissance, le sexe, l&rsquo;\u00e9chelle de traitement, l&rsquo;\u00e9ducation et l&rsquo;\u00e9tat matrimonial, profession, num\u00e9ro de s\u00e9curit\u00e9 sociale, l&#8217;emploi, les int\u00e9r\u00eats personnels et en ligne, et toute autre information peuvent \u00eatre demand\u00e9s de temps \u00e0 temps (ensemble, \u00ab\u00a0Information Enqu\u00eate\u00a0\u00bb). Eternal Diamonds peut \u00e9galement collecter des informations concernant un individu d&rsquo;une autre source et utilise cette information en combinaison avec les renseignements fournis sur ce site Web. Remplir les enqu\u00eates est enti\u00e8rement volontaire, et les individus ne sont pas tenus de fournir des renseignements \u00e0 Eternal Diamonds Enqu\u00eate sur les m\u00e9dias Agence ou du tiers, mais un individu peuvent b\u00e9n\u00e9ficier des incitations de Eternal Diamonds ou un tiers en \u00e9change de la fourniture d&rsquo;information Enqu\u00eate \u00e0 Eternal Diamonds.<\/p>\n<h3>1.2 Troisi\u00e8me Informations sur la liste du Parti.<\/h3>\n<p>Eternal Diamonds recueille des informations aupr\u00e8s des personnes lorsqu&rsquo;une personne fournit des informations \u00e0 une tierce partie et par la suite Eternal Diamonds achats, licences, ou acquiert autrement des renseignements aupr\u00e8s d&rsquo;un tiers (le \u00ab\u00a0Vendeur\u00a0\u00bb). Ces informations achet\u00e9 peut inclure, mais sans s&rsquo;y limiter, le nom d&rsquo;une personne, son adresse \u00e9lectronique, adresse postale, code postal, num\u00e9ros de t\u00e9l\u00e9phone (y compris les num\u00e9ros de t\u00e9l\u00e9phone cellulaire et transporteurs), date de naissance, le sexe, la fourchette salariale, informations de carte de cr\u00e9dit, \u00e0 l&rsquo;\u00e9ducation et l&rsquo;\u00e9tat civil, la profession, le secteur d&#8217;emploi, les int\u00e9r\u00eats personnels et en ligne, et toute autre information que l&rsquo;individu peut avoir fourni au Vendeur (collectivement, \u00ab\u00a0information sur le tiers Party List\u00a0\u00bb). Lors de l&rsquo;acquisition Troisi\u00e8me information Party List, Eternal Diamonds cherche assurances de la part du vendeur que le vendeur a le droit de transf\u00e9rer les informations tierces, liste \u00e0 Eternal Diamonds et que le vendeur a le droit de proposer des offres des annonceurs pour les personnes dont les renseignements personnels est inscrit sur la liste du vendeur.<\/p>\n<h3>1.3 Autres informations.<\/h3>\n<p>D&rsquo;autres occasions o\u00f9 Eternal Diamonds obtient des informations de personnes comprennent (1) quand une personne fait une demande de prix ou de chercher \u00e0 racheter un incitatif offert par Eternal Diamonds ou par un tiers, (2) quand une demande d&rsquo;assistance individuelle par le biais Eternal Diamonds du d\u00e9partement service \u00e0 la client\u00e8le, et (3) quand un individu souscrit volontairement \u00e0 Eternal Diamonds ou bulletin d&rsquo;information (collectivement, \u00abAutres renseignements\u00bb).<\/p>\n<h3>1.4 Cookies, balises Web et autres infos collect\u00e9es \u00e0 l&rsquo;aide de la technologie.<\/h3>\n<p>D&rsquo;autres occasions o\u00f9 Eternal Diamonds obtient des informations de personnes comprennent (1) quand une personne fait une demande de prix ou de chercher \u00e0 racheter un incitatif offert par Eternal Diamonds ou par un tiers, (2) quand une demande d&rsquo;assistance individuelle par le biais Eternal Diamonds du d\u00e9partement service \u00e0 la client\u00e8le, et (3) quand un individu souscrit volontairement \u00e0 Eternal Diamonds ou bulletin d&rsquo;information (collectivement, \u00abAutres renseignements\u00bb).<\/p>\n<h3>(a) Cookies.<\/h3>\n<p>Un cookie est une petite quantit\u00e9 de donn\u00e9es stock\u00e9es sur le disque dur de l&rsquo;ordinateur de l&rsquo;individu qui permet Eternal Diamonds afin d&rsquo;identifier l&rsquo;individu avec son ou ses donn\u00e9es correspondantes qui r\u00e9side dans la base de donn\u00e9es Eternal Diamonds. Vous pouvez lire plus sur les cookies \u00e0 http:\/\/cookiecentral.com. Les personnes qui utilisent les sites Web devez accepter les cookies pour pouvoir utiliser toutes les fonctionnalit\u00e9s de nos sites Web.<\/p>\n<h3>(b) Web Beacons.<\/h3>\n<p>Une balise Web est un code de programmation qui peut \u00eatre utilis\u00e9 pour afficher une image sur une page web (en utilisant une fonction de programmation &#8211; voir http:\/\/truste.org pour plus d&rsquo;informations), mais peut \u00e9galement \u00eatre utilis\u00e9 pour transf\u00e9rer utilisateur unique d&rsquo;un individu identification (souvent sous la forme d&rsquo;un cookie) \u00e0 une base de donn\u00e9es et associer l&rsquo;individu avec des informations pr\u00e9alablement acquises sur un individu dans une base de donn\u00e9es. Cela permet Eternal Diamonds pour suivre certains sites Web d&rsquo;une personne en visite en ligne. Les balises Web sont utilis\u00e9es pour d\u00e9terminer les produits ou services d&rsquo;une personne peut int\u00e9resser, et de suivre en ligne habitudes comportementales des fins de marketing. Par exemple, Eternal Diamonds pourrait placer, avec le consentement d&rsquo;un site tiers, une balise Web sur le site Web du tiers o\u00f9 les produits de p\u00eache sont vendus. Lorsque le projet de loi, un individu r\u00e9pertori\u00e9 dans la base de donn\u00e9es des Eternal Diamonds, visite le site Internet de la p\u00eache, Eternal Diamonds est avis\u00e9 par l&rsquo;interm\u00e9diaire de la balise Web que le projet de loi a visit\u00e9 le site de p\u00eache, et le Eternal Diamonds alors mettre \u00e0 jour le profil de Bill avec les informations que le projet de loi est int\u00e9ress\u00e9s \u00e0 la p\u00eache. Eternal Diamonds peut ensuite pr\u00e9senter des offres de la p\u00eache produits et services connexes au projet de loi. En plus d&rsquo;utiliser des balises Web sur des pages Web, Eternal Diamonds utilise \u00e9galement des balises Web dans les messages \u00e9lectroniques envoy\u00e9s \u00e0 des personnes figurant dans la base de Eternal Diamonds.<\/p>\n<h3>(c) Nouvelles Technologies.<\/h3>\n<p>L&rsquo;utilisation de la technologie sur l&rsquo;Internet, y compris les cookies et les balises Web, est en pleine \u00e9volution, ainsi que l&rsquo;utilisation des Eternal Diamonds de la technologie nouvelle et \u00e9volutive. En cons\u00e9quence, Eternal Diamonds encourage fortement les gens \u00e0 revoir cette politique pour toutes les mises \u00e0 jour concernant son utilisation de la technologie.<\/p>\n<h3>1.5 Renseignements de l&rsquo;ext\u00e9rieur.<\/h3>\n<p>Eternal Diamonds peut recevoir des informations sur des individus provenant de tiers ou d&rsquo;autres sources d&rsquo;information en dehors de Eternal Diamonds, y compris les renseignements contenus dans les bases de donn\u00e9es publiques (\u00abrenseignements de l&rsquo;ext\u00e9rieur\u00bb).<\/p>\n<h3>1.6 Informations de l&rsquo;individu.<\/h3>\n<p>Tel qu&rsquo;utilis\u00e9 ici, signifie Informations de l&rsquo;individu Renseignements sur le sondage, information sur le tiers Party List, Autres informations, Technologies de l&rsquo;information et de renseignements de l&rsquo;ext\u00e9rieur, ainsi que toute autre information Eternal Diamonds recueille ou re\u00e7oit sur les individus.<\/p>\n<h3>1.7 Aucune information recueillies aupr\u00e8s des enfants.<\/h3>\n<p>Eternal Diamonds ne recueillons pas sciemment de renseignements personnels sur les enfants de moins de 13 ans. Si Eternal Diamonds a connaissance r\u00e9elle qu&rsquo;il a recueilli des renseignements personnels au sujet d&rsquo;un enfant de moins de 13 ans, cette information sera imm\u00e9diatement supprim\u00e9e de notre base de donn\u00e9es. Car il ne recueille pas ces informations, Eternal Diamonds n&rsquo;a pas de telles informations \u00e0 utiliser ou \u00e0 divulguer \u00e0 des tiers. Eternal Diamonds a con\u00e7u cette politique afin de se conformer avec les enfants Online Privacy Protection Act (\u00ab\u00a0COPPA\u00a0\u00bb).<\/p>\n<h3>1.8 Informations sur la carte de cr\u00e9dit.<\/h3>\n<p>Eternal Diamonds peut, dans certains cas collecter des num\u00e9ros de cartes de cr\u00e9dit et les informations connexes, telles que la date d&rsquo;expiration de la carte (\u00abCarte de cr\u00e9dit\u00bb) lorsque qu&rsquo;un individu place un ordre du Eternal Diamonds. Lorsque l&rsquo;information de carte de cr\u00e9dit est soumis \u00e0 Eternal Diamonds, ces informations sont crypt\u00e9es et prot\u00e9g\u00e9es par un logiciel de cryptage SSL. Eternal Diamonds utilisera l&rsquo;information de carte de cr\u00e9dit \u00e0 des fins de traitement et de compl\u00e9ter la transaction d&rsquo;achat, et l&rsquo;information de carte de cr\u00e9dit ne sera divulgu\u00e9e \u00e0 des tiers que si n\u00e9cessaire pour compl\u00e9ter la transaction d&rsquo;achat.<\/p>\n<h2>2.\tUTILISATION DES INFORMATIONS DE L&rsquo;INDIVIDU.<\/h2>\n<h3>2.1 Pouvoir discr\u00e9tionnaire de l&rsquo;utilisation des renseignements.<\/h3>\n<p>Eternal Diamonds peut utiliser des informations INDIVIDUEL POUR UN USAGE l\u00e9galement admissible en DISCR\u00c9TION DE L&rsquo;ENTREPRISE. Les paragraphes suivants dans la section 2 d\u00e9crit comment Eternal Diamonds utilise actuellement Informations de l&rsquo;individu, mais Eternal Diamonds peut modifier ou \u00e9largir son utilisation \u00e0 tout moment. Comme il est indiqu\u00e9 ci-dessous, Eternal Diamonds peut mettre \u00e0 jour cette politique de temps en temps. Eternal Diamonds peut utiliser les informations individuelles pour fournir des offres promotionnelles \u00e0 des particuliers par le biais de la publicit\u00e9 par courriel, marketing t\u00e9l\u00e9phonique, marketing direct, des banni\u00e8res publicitaires en ligne, et stuffers paquet, entre autres utilisations possibles. Si vous ne souhaitez pas que nous utilisions vos renseignements personnels pour promouvoir ou vendre nos produits et services ou de vendre, transf\u00e9rer ou autrement fournir des informations personnelles vous concernant \u00e0 des tiers, s&rsquo;il vous pla\u00eet nous en informer en contactant le service \u00e0 la client\u00e8le au 514-393-3426 et nous allons certainement r\u00e9pondre \u00e0 votre demande.<\/p>\n<h3>2.2 Email.<\/h3>\n<p>Eternal Diamonds Informations de l&rsquo;individu utilise pour fournir des offres promotionnelles par email \u00e0 des particuliers. Eternal Diamonds peut g\u00e9rer des listes de courriel distinctes \u00e0 des fins diff\u00e9rentes. Si destinataires souhaitent mettre fin \u00e0 leur abonnement par courriel \u00e0 partir d&rsquo;une liste particuli\u00e8re, ils ont besoin de suivre les instructions \u00e0 la fin de chaque e-mail pour vous d\u00e9sinscrire de la liste particuli\u00e8re.<\/p>\n<h3>(a) Contenu de messages \u00e9lectroniques.<\/h3>\n<p>In certains messages \u00e9lectroniques commerciaux envoy\u00e9s par Eternal Diamonds, le nom de l&rsquo;annonceur appara\u00eet dans le champ \u00ab\u00a0De:\u00a0\u00bb en ligne, mais de frapper le bouton \u00ab\u00a0R\u00e9pondre\u00a0\u00bb provoquera un e-mail de r\u00e9ponse soit envoy\u00e9 \u00e0 Eternal Diamonds. Le \u00ab\u00a0Subject:\u00a0\u00bb ligne de messages m\u00e9diatiques dans le courrier \u00e9lectronique de Eternal Diamonds contient g\u00e9n\u00e9ralement une ligne fournie par l&rsquo;annonceur \u00e0 Eternal Diamonds.<\/p>\n<h3>(b) Sollicit\u00e9 e-mail.<\/h3>\n<p>Eternal Diamonds envoie uniquement courriel aux personnes qui ont convenus sur les sites pour recevoir des courriels \u00e0 partir de Eternal Diamonds ou \u00e0 des personnes qui ont accept\u00e9 sur les sites Web de tiers pour recevoir des emails de tiers tels que Eternal Diamonds. Eternal Diamonds ne pas envoyer de messages \u00e9lectroniques non sollicit\u00e9s. En cons\u00e9quence, les lois exigeant la mise en forme de certains courriers \u00e9lectroniques non sollicit\u00e9s ne sont pas applicables \u00e0 messages de Eternal Diamonds.<\/p>\n<h3>2.3 Publicit\u00e9 cibl\u00e9e.<\/h3>\n<p>Eternal Diamonds utilise pour cibler la publicit\u00e9 \u00e0 un individu. Quand un individu est l&rsquo;utilisation d&rsquo;Internet, Eternal Diamonds utilise technologie de l&rsquo;information (voir \u00e9galement la section 2.5 ci-dessous) pour associer un individu \u00e0 l&rsquo;information individuelle de cette personne, et Eternal Diamonds tente de montrer la publicit\u00e9 pour les produits et services pour lesquels la personne a exprim\u00e9 un l&rsquo;int\u00e9r\u00eat pour les \u00e9tudes, manifest\u00e9 un int\u00e9r\u00eat \u00e0 l&rsquo;aide de technologie de l&rsquo;information, et autres. Eternal Diamonds peut, \u00e0 sa discr\u00e9tion, publicit\u00e9, cible en utilisant le courrier \u00e9lectronique, le courrier direct, les t\u00e9l\u00e9phones, les t\u00e9l\u00e9phones cellulaires et autres moyens de communication pour fournir des offres promotionnelles.<\/p>\n<h3>2.4 Publipostage et le t\u00e9l\u00e9marketing.<\/h3>\n<p>Eternal Diamonds utilise pour annoncer, directement ou indirectement, \u00e0 des personnes en utilisant le marketing direct ou de t\u00e9l\u00e9marketing en utilisant les t\u00e9l\u00e9phones et les t\u00e9l\u00e9phones cellulaires.<\/p>\n<h3>2.5 Utilisation des technologies de l&rsquo;information.<\/h3>\n<p>Eternal Diamonds utilise technologie de l&rsquo;information (1) pour comparer les renseignements Enqu\u00eate sur une personne et la troisi\u00e8me liste Informations partie \u00e0 d&rsquo;autres cat\u00e9gories d&rsquo;Informations de l&rsquo;individu \u00e0 faire et am\u00e9liorer les profils des individus, (2) de suivre en ligne d&rsquo;une personne les habitudes de navigation sur Internet, (3 ) pour d\u00e9terminer les zones de sites Web que Eternal Diamonds plus fr\u00e9quemment visit\u00e9s. Cette information aide Eternal Diamonds afin de mieux comprendre les habitudes en ligne des individus de sorte que Eternal Diamonds peuvent cibler la publicit\u00e9 et des promotions pour eux.<\/p>\n<h3>2.6 Les profils des individus.<\/h3>\n<p>Eternal Diamonds utilise pour faire un profil d&rsquo;un individu. Un profil peut \u00eatre cr\u00e9\u00e9 en combinant l&rsquo;information et de la troisi\u00e8me Enqu\u00eate Informations sur la liste Parti avec d&rsquo;autres sources d&rsquo;Informations de l&rsquo;individu telles que les informations obtenues \u00e0 partir des bases de donn\u00e9es publiques.<\/p>\n<h3>2.7 Stockage des Informations de l&rsquo;individu.<\/h3>\n<p>Eternal Diamonds stocke les Informations de l&rsquo;individu dans une base de donn\u00e9es sur les ordinateurs dans Eternal Diamonds. Nos ordinateurs ont pris des mesures de s\u00e9curit\u00e9 (comme un pare-feu) sont en place pour prot\u00e9ger contre la perte, l&rsquo;usage abusif et l&rsquo;alt\u00e9ration des informations sous le contr\u00f4le Eternal Diamonds. Nonobstant ces mesures, Eternal Diamonds ne peut garantir que ses mesures de s\u00e9curit\u00e9 emp\u00eacheront ordinateurs  dans Eternal Diamonds d&rsquo;\u00eatre acc\u00e9d\u00e9 ill\u00e9galement, et l&rsquo;information individuelle sur les vol\u00e9es ou endommag\u00e9es.<\/p>\n<h2>3.\tDIFFUSION DES INFORMATIONS DE L&rsquo;INDIVIDU.<\/h2>\n<h3>3.1 Vente ou cession \u00e0 des tiers.<\/h3>\n<p>Eternal Diamonds peut vendre ou transf\u00e9rer des informations individuelles au TIERS POUR TOUTE FIN A LA SEULE DISCRETION de Eternal Diamonds. Si vous ne souhaitez pas que nous utilisions vos renseignements personnels pour promouvoir ou vendre nos produits et services ou de vendre, transf\u00e9rer ou autrement fournir des informations personnelles vous concernant \u00e0 des tiers, s&rsquo;il vous pla\u00eet nous en informer en contactant le service \u00e0 la client\u00e8le au 514-393-3426 et nous allons certainement r\u00e9pondre \u00e0 votre demande.<\/p>\n<h3>3.2 L&rsquo;ex\u00e9cution des commandes.<\/h3>\n<p>Eternal Diamonds transf\u00e9rera informations de l&rsquo;individu \u00e0 des tiers lorsque cela est n\u00e9cessaire pour fournir un produit ou un service qu&rsquo;une personne commande de ce tiers lors de l&rsquo;utilisation classer les sites Web des m\u00e9dias de Eternal Diamonds ou au moment de r\u00e9pondre \u00e0 des offres fournies par Eternal Diamonds.<\/p>\n<h3>3.3 Proc\u00e9dure juridique.<\/h3>\n<p>Eternal Diamonds peut communiquer des informations individuelles pour r\u00e9pondre \u00e0 un subpoena, des injonctions et autres proc\u00e9dures judiciaires.<\/p>\n<h3>3.4 Publipostage et le t\u00e9l\u00e9marketing.<\/h3>\n<p>Eternal Diamonds utilise pour annoncer, directement ou indirectement, \u00e0 des personnes en utilisant le marketing direct ou de t\u00e9l\u00e9marketing en utilisant les t\u00e9l\u00e9phones et les t\u00e9l\u00e9phones cellulaires.<\/p>\n<h3>3.5 Donn\u00e9es sommaires.<\/h3>\n<p>Eternal Diamonds peut vendre ou transf\u00e9rer des informations non individualis\u00e9e, comme sommaire ou agr\u00e9g\u00e9e des informations anonymes sur les personnes ou les sous-groupes de personnes.<\/p>\n<h3>3.6 Acc\u00e9der.<\/h3>\n<p>Les personnes ont acc\u00e8s \u00e0 leurs renseignements personnels recueillis \u00e0 l&rsquo;occasion d&rsquo;un individu \u00e0 corriger, modifier ou supprimer ces informations. L&rsquo;acc\u00e8s peut \u00eatre obtenu en contactant le service \u00e0 la client\u00e8le au num\u00e9ro indiqu\u00e9 sur la page de commande. Eternal Diamonds peut \u00e9galement accorder clients annonceurs et les fournisseurs de services e-mail? l&rsquo;acc\u00e8s \u00e0 l&rsquo;adresse \u00e9lectronique d&rsquo;une personne de v\u00e9rifier l&rsquo;origine de l&rsquo;information personnels recueillis.<\/p>\n<h2>4.\tCONFIDENTIALIT\u00c9 DES TIERCES PARTIES.<\/h2>\n<h3>4.1 Les cookies et les balises Web des annonceurs.<\/h3>\n<p>Les agences de publicit\u00e9, les r\u00e9seaux publicitaires et les autres entreprises (ensemble, les \u00abAnnonceurs\u00bb) qui placent des publicit\u00e9s sur les sites Web et sur l&rsquo;Internet en g\u00e9n\u00e9ral peuvent utiliser leurs propres cookies, des balises Web et autres technologies pour collecter des informations sur les individus. Eternal Diamonds ne contr\u00f4le pas l&rsquo;utilisation des annonceurs d&rsquo;une telle technologie et Eternal Diamonds n&rsquo;assume aucune responsabilit\u00e9 quant \u00e0 l&rsquo;utilisation d&rsquo;une telle technologie pour recueillir des informations sur les individus.<\/p>\n<h3>4.2 Links.<\/h3>\n<p>Les sites Web et les e-mails parfois contenir des liens hypertextes vers les sites Web de tiers. Eternal Diamonds n&rsquo;est pas responsable des pratiques de confidentialit\u00e9 ou du contenu de ces autres sites Web. Sites Web li\u00e9s peuvent contenir des liens vers des sites Web g\u00e9r\u00e9s par des tiers. Ces liens sont fournis pour votre commodit\u00e9 et de r\u00e9f\u00e9rence. Eternal Diamonds ne fonctionne pas ou contr\u00f4le en aucune mani\u00e8re les informations, logiciels, produits ou services disponibles sur ces sites Web de tiers. L&rsquo;inclusion d&rsquo;un lien vers un site Web n&rsquo;implique pas l&rsquo;approbation des services ou du site, de son contenu ou de son organisme parrain.<\/p>\n<h3>4.3 Les soci\u00e9t\u00e9s affili\u00e9es.<\/h3>\n<p>Eternal Diamonds peut communiquer, transf\u00e9rer, vendre et Informations de l&rsquo;individu \u00e0 des entit\u00e9s affili\u00e9es \u00e0 Eternal Diamonds dans le discretion de Eternal Diamonds.<\/p>\n<h3>4.4 Transferts aux entreprises.<\/h3>\n<p>Comme nous continuons \u00e0 d\u00e9velopper notre entreprise, nous pourrions vendre ou acheter des magasins, filiales ou unit\u00e9s d&rsquo;affaires. Dans de telles transactions, les informations client est g\u00e9n\u00e9ralement l&rsquo;un des actifs transf\u00e9r\u00e9s, mais reste soumise aux promesses faites dans n&rsquo;importe quel Confidentialit\u00e9 pr\u00e9-existante (\u00e0 moins, bien s\u00fbr, le client accepte par ailleurs).<\/p>\n<h2>5.\tSE D\u00c9SABONNER DES PROC\u00c9DURES.<\/h2>\n<p> Si vous souhaitez ne plus recevoir les e-mails Eternal Diamonds s&rsquo;il vous pla\u00eet \u00e9crivez \u00e0: <\/p>\n<p>        Eternal Diamonds<br \/>\n        620 Cathcart, suite 656 <br \/>\n        Montreal <br \/>\n        Quebec H3B 1M1 <\/p>\n\n<p> Ou envoyer un message de d\u00e9sabonnement \u00e0:<br \/>\n        <a href=\"https:\/\/web.archive.org\/web\/20160427110029\/mailto:info@eternaldiamonds.ca\">info@eternaldiamonds.ca<\/a> <\/p>\n\n<p>Nous nous r\u00e9servons le droit d&rsquo;ajouter des informations individuelles pour plusieurs listes maintenues par Eternal Diamonds. Pour plus d&rsquo;informations sur la protection de votre vie priv\u00e9e, vous pouvez consulter le site:www.ftc.gov. Si vous avez d&rsquo;autres questions ou des pr\u00e9occupations concernant cette politique de confidentialit\u00e9, s&rsquo;il vous pla\u00eet appelez-nous au 514-393-3426 ou envoyez-nous un e-mail \u00e0 l&rsquo;adresse ci-dessus.<\/p>\n<\/div>\n","protected":false},"excerpt":{"rendered":"<p>{:}{:fr} Politique de confidentialit\u00e9 S&rsquo;IL VOUS PLA\u00ceT NOTE: LES CHANGEMENTS politique de confidentialit\u00e9 de temps \u00e0 autre et CHANGEMENTS SONT EN VIGUEUR DE LA PUBLICATION. S&rsquo;IL VOUS PLA\u00ceT VOIR souvent pour des COMME IL EST DE VOTRE ENTI\u00c8RE RESPONSABILIT\u00c9 DE PRENDRE CONNAISSANCE DES CHANGEMENTS. ETERNAL DIAMONDS NE FOURNIT AVIS DE [&hellip;]<\/p>\n","protected":false},"author":4,"featured_media":0,"parent":0,"menu_order":0,"comment_status":"closed","ping_status":"closed","template":"","meta":{"footnotes":""},"class_list":["post-1751","page","type-page","status-publish","hentry"],"_links":{"self":[{"href":"https:\/\/eternaldiamonds.ca\/fr\/wp-json\/wp\/v2\/pages\/1751","targetHints":{"allow":["GET"]}}],"collection":[{"href":"https:\/\/eternaldiamonds.ca\/fr\/wp-json\/wp\/v2\/pages"}],"about":[{"href":"https:\/\/eternaldiamonds.ca\/fr\/wp-json\/wp\/v2\/types\/page"}],"author":[{"embeddable":true,"href":"https:\/\/eternaldiamonds.ca\/fr\/wp-json\/wp\/v2\/users\/4"}],"replies":[{"embeddable":true,"href":"https:\/\/eternaldiamonds.ca\/fr\/wp-json\/wp\/v2\/comments?post=1751"}],"version-history":[{"count":1,"href":"https:\/\/eternaldiamonds.ca\/fr\/wp-json\/wp\/v2\/pages\/1751\/revisions"}],"predecessor-version":[{"id":1752,"href":"https:\/\/eternaldiamonds.ca\/fr\/wp-json\/wp\/v2\/pages\/1751\/revisions\/1752"}],"wp:attachment":[{"href":"https:\/\/eternaldiamonds.ca\/fr\/wp-json\/wp\/v2\/media?parent=1751"}],"curies":[{"name":"wp","href":"https:\/\/api.w.org\/{rel}","templated":true}]}}